{"id":823,"date":"2025-01-09T16:13:55","date_gmt":"2025-01-09T15:13:55","guid":{"rendered":"https:\/\/lumiskills.com\/?page_id=823"},"modified":"2025-02-03T11:52:50","modified_gmt":"2025-02-03T10:52:50","slug":"particuliers","status":"publish","type":"page","link":"https:\/\/lumiskills.com\/index.php\/particuliers\/","title":{"rendered":"Particuliers"},"content":{"rendered":"\t\t<div data-elementor-type=\"wp-page\" data-elementor-id=\"823\" class=\"elementor elementor-823\">\n\t\t\t\t<div class=\"elementor-element elementor-element-b146476 e-flex e-con-boxed e-con e-parent\" data-id=\"b146476\" data-element_type=\"container\" data-e-type=\"container\">\n\t\t\t\t\t<div class=\"e-con-inner\">\n\t\t\t\t<div class=\"elementor-element elementor-element-302d5bc elementor-widget elementor-widget-text-editor\" data-id=\"302d5bc\" data-element_type=\"widget\" data-e-type=\"widget\" data-widget_type=\"text-editor.default\">\n\t\t\t\t<div class=\"elementor-widget-container\">\n\t\t\t\t\t\t\t\t\t<h3><span style=\"color: #000000;\"><strong>D\u00e9couvrez le coaching pour transformer votre quotidien<\/strong><\/span><\/h3><p><span style=\"color: #000000;\">Vous aspirez \u00e0 mieux g\u00e9rer les d\u00e9fis du quotidien, \u00e0 retrouver du sens dans vos choix ou \u00e0 enfin prendre du temps pour vous ? Le coaching est une d\u00e9marche puissante pour retrouver l\u2019\u00e9quilibre, reprendre les commandes de votre vie et avancer avec s\u00e9r\u00e9nit\u00e9.<\/span><\/p><p><span style=\"color: #000000;\">Que vous traversiez une p\u00e9riode de transition, une remise en question, ou que vous souhaitiez simplement \u00e9voluer, je vous accompagne pour r\u00e9v\u00e9ler votre plein potentiel.<\/span><\/p>\t\t\t\t\t\t\t\t<\/div>\n\t\t\t\t<\/div>\n\t\t\t\t\t<\/div>\n\t\t\t\t<\/div>\n\t\t<div class=\"elementor-element elementor-element-3d8b3ca e-grid e-con-boxed e-con e-parent\" data-id=\"3d8b3ca\" data-element_type=\"container\" data-e-type=\"container\">\n\t\t\t\t\t<div class=\"e-con-inner\">\n\t\t\t\t<div class=\"elementor-element elementor-element-9f16a62 elementor-widget elementor-widget-image\" data-id=\"9f16a62\" data-element_type=\"widget\" data-e-type=\"widget\" data-widget_type=\"image.default\">\n\t\t\t\t<div class=\"elementor-widget-container\">\n\t\t\t\t\t\t\t\t\t\t\t\t\t\t\t<img fetchpriority=\"high\" decoding=\"async\" width=\"832\" height=\"553\" src=\"https:\/\/lumiskills.com\/wp-content\/uploads\/2025\/01\/Capture-decran-2025-01-13-a-10.05.28.png\" class=\"attachment-large size-large wp-image-886\" alt=\"\" srcset=\"https:\/\/lumiskills.com\/wp-content\/uploads\/2025\/01\/Capture-decran-2025-01-13-a-10.05.28.png 832w, https:\/\/lumiskills.com\/wp-content\/uploads\/2025\/01\/Capture-decran-2025-01-13-a-10.05.28-300x199.png 300w, https:\/\/lumiskills.com\/wp-content\/uploads\/2025\/01\/Capture-decran-2025-01-13-a-10.05.28-768x510.png 768w\" sizes=\"(max-width: 832px) 100vw, 832px\" \/>\t\t\t\t\t\t\t\t\t\t\t\t\t\t\t<\/div>\n\t\t\t\t<\/div>\n\t\t\t\t<div class=\"elementor-element elementor-element-13caf73 elementor-widget elementor-widget-text-editor\" data-id=\"13caf73\" data-element_type=\"widget\" data-e-type=\"widget\" data-widget_type=\"text-editor.default\">\n\t\t\t\t<div class=\"elementor-widget-container\">\n\t\t\t\t\t\t\t\t\t<h3><span style=\"color: #000000;\"><strong>Une m\u00e9thode centr\u00e9e sur vous<\/strong><\/span><\/h3><p><span style=\"color: #000000;\">Chaque individu est unique, tout comme ses besoins. Mon approche repose sur une \u00e9coute bienveillante et une m\u00e9thodologie \u00e9prouv\u00e9e pour :<\/span><\/p><ul><li><span style=\"color: #000000;\"><strong>Clarifier vos objectifs<\/strong> : Qu\u2019il s\u2019agisse de retrouver confiance, de mieux g\u00e9rer vos \u00e9motions ou d\u2019amorcer un changement, nous d\u00e9finissons ensemble un cap clair.<\/span><\/li><li><span style=\"color: #000000;\"><strong>Explorer vos ressources<\/strong> : Identifier vos forces, vos aspirations profondes et les leviers d\u2019action qui vous correspondent.<\/span><\/li><li><span style=\"color: #000000;\"><strong>Passer \u00e0 l\u2019action<\/strong> : Mettre en place des strat\u00e9gies concr\u00e8tes pour avancer, pas \u00e0 pas, vers un quotidien align\u00e9 avec vos valeurs.<\/span><\/li><\/ul>\t\t\t\t\t\t\t\t<\/div>\n\t\t\t\t<\/div>\n\t\t\t\t\t<\/div>\n\t\t\t\t<\/div>\n\t\t<div class=\"elementor-element elementor-element-746d263 e-grid e-con-boxed e-con e-parent\" data-id=\"746d263\" data-element_type=\"container\" data-e-type=\"container\">\n\t\t\t\t\t<div class=\"e-con-inner\">\n\t\t\t\t<div class=\"elementor-element elementor-element-aa1283c elementor-widget elementor-widget-text-editor\" data-id=\"aa1283c\" data-element_type=\"widget\" data-e-type=\"widget\" data-widget_type=\"text-editor.default\">\n\t\t\t\t<div class=\"elementor-widget-container\">\n\t\t\t\t\t\t\t\t\t<h3><span style=\"color: #000000;\"><strong>Pourquoi choisir le coaching individuel ?<\/strong><\/span><\/h3><p><span style=\"color: #000000;\">Parce que vous m\u00e9ritez de vous sentir pleinement align\u00e9(e) avec vos choix et vos aspirations. Le coaching vous permet de :<\/span><\/p><ul><li><span style=\"color: #000000;\"><strong>Prendre du recul<\/strong> face aux difficult\u00e9s ou aux doutes,<\/span><\/li><li><span style=\"color: #000000;\"><strong>D\u00e9velopper votre confiance en vous<\/strong> et vos capacit\u00e9s,<\/span><\/li><li><span style=\"color: #000000;\"><strong>Retrouver un \u00e9quilibre<\/strong> entre vie personnelle et professionnelle,<\/span><\/li><li><span style=\"color: #000000;\"><strong>Vous \u00e9panouir durablement<\/strong>, \u00e0 votre rythme.<\/span><\/li><\/ul>\t\t\t\t\t\t\t\t<\/div>\n\t\t\t\t<\/div>\n\t\t\t\t<div class=\"elementor-element elementor-element-74f9f23 elementor-widget elementor-widget-image\" data-id=\"74f9f23\" data-element_type=\"widget\" data-e-type=\"widget\" data-widget_type=\"image.default\">\n\t\t\t\t<div class=\"elementor-widget-container\">\n\t\t\t\t\t\t\t\t\t\t\t\t\t\t\t<img decoding=\"async\" width=\"832\" height=\"553\" src=\"https:\/\/lumiskills.com\/wp-content\/uploads\/2025\/01\/Capture-decran-2025-01-13-a-10.07.39.png\" class=\"attachment-large size-large wp-image-887\" alt=\"\" srcset=\"https:\/\/lumiskills.com\/wp-content\/uploads\/2025\/01\/Capture-decran-2025-01-13-a-10.07.39.png 832w, https:\/\/lumiskills.com\/wp-content\/uploads\/2025\/01\/Capture-decran-2025-01-13-a-10.07.39-300x199.png 300w, https:\/\/lumiskills.com\/wp-content\/uploads\/2025\/01\/Capture-decran-2025-01-13-a-10.07.39-768x510.png 768w\" sizes=\"(max-width: 832px) 100vw, 832px\" \/>\t\t\t\t\t\t\t\t\t\t\t\t\t\t\t<\/div>\n\t\t\t\t<\/div>\n\t\t\t\t\t<\/div>\n\t\t\t\t<\/div>\n\t\t<div class=\"elementor-element elementor-element-7451bef e-grid e-con-boxed e-con e-parent\" data-id=\"7451bef\" data-element_type=\"container\" data-e-type=\"container\">\n\t\t\t\t\t<div class=\"e-con-inner\">\n\t\t\t\t<div class=\"elementor-element elementor-element-a31fe87 elementor-widget elementor-widget-image\" data-id=\"a31fe87\" data-element_type=\"widget\" data-e-type=\"widget\" data-widget_type=\"image.default\">\n\t\t\t\t<div class=\"elementor-widget-container\">\n\t\t\t\t\t\t\t\t\t\t\t\t<figure class=\"wp-caption\">\n\t\t\t\t\t\t\t\t\t\t\t<a href=\"https:\/\/lumiskills.com\/index.php\/coaching-vie\/\">\n\t\t\t\t\t\t\t<img decoding=\"async\" width=\"300\" height=\"199\" src=\"https:\/\/lumiskills.com\/wp-content\/uploads\/2025\/02\/Capture-decran-2025-02-03-a-11.51.54-300x199.png\" class=\"attachment-medium size-medium wp-image-1191\" alt=\"\" srcset=\"https:\/\/lumiskills.com\/wp-content\/uploads\/2025\/02\/Capture-decran-2025-02-03-a-11.51.54-300x199.png 300w, https:\/\/lumiskills.com\/wp-content\/uploads\/2025\/02\/Capture-decran-2025-02-03-a-11.51.54-768x509.png 768w, https:\/\/lumiskills.com\/wp-content\/uploads\/2025\/02\/Capture-decran-2025-02-03-a-11.51.54.png 992w\" sizes=\"(max-width: 300px) 100vw, 300px\" \/>\t\t\t\t\t\t\t\t<\/a>\n\t\t\t\t\t\t\t\t\t\t\t<figcaption class=\"widget-image-caption wp-caption-text\">Life Coaching<\/figcaption>\n\t\t\t\t\t\t\t\t\t\t<\/figure>\n\t\t\t\t\t\t\t\t\t<\/div>\n\t\t\t\t<\/div>\n\t\t\t\t<div class=\"elementor-element elementor-element-ddc8681 elementor-widget elementor-widget-image\" data-id=\"ddc8681\" data-element_type=\"widget\" data-e-type=\"widget\" data-widget_type=\"image.default\">\n\t\t\t\t<div class=\"elementor-widget-container\">\n\t\t\t\t\t\t\t\t\t\t\t\t<figure class=\"wp-caption\">\n\t\t\t\t\t\t\t\t\t\t\t<a href=\"https:\/\/lumiskills.com\/index.php\/prestations-particuliers\/\">\n\t\t\t\t\t\t\t<img loading=\"lazy\" decoding=\"async\" width=\"300\" height=\"198\" src=\"https:\/\/lumiskills.com\/wp-content\/uploads\/2025\/01\/Capture-decran-2025-01-13-a-10.32.24-300x198.png\" class=\"attachment-medium size-medium wp-image-898\" alt=\"\" srcset=\"https:\/\/lumiskills.com\/wp-content\/uploads\/2025\/01\/Capture-decran-2025-01-13-a-10.32.24-300x198.png 300w, https:\/\/lumiskills.com\/wp-content\/uploads\/2025\/01\/Capture-decran-2025-01-13-a-10.32.24-768x507.png 768w, https:\/\/lumiskills.com\/wp-content\/uploads\/2025\/01\/Capture-decran-2025-01-13-a-10.32.24.png 834w\" sizes=\"(max-width: 300px) 100vw, 300px\" \/>\t\t\t\t\t\t\t\t<\/a>\n\t\t\t\t\t\t\t\t\t\t\t<figcaption class=\"widget-image-caption wp-caption-text\">Accompagnement Professionnel<\/figcaption>\n\t\t\t\t\t\t\t\t\t\t<\/figure>\n\t\t\t\t\t\t\t\t\t<\/div>\n\t\t\t\t<\/div>\n\t\t\t\t<div class=\"elementor-element elementor-element-e4eb760 elementor-widget elementor-widget-image\" data-id=\"e4eb760\" data-element_type=\"widget\" data-e-type=\"widget\" data-widget_type=\"image.default\">\n\t\t\t\t<div class=\"elementor-widget-container\">\n\t\t\t\t\t\t\t\t\t\t\t\t<figure class=\"wp-caption\">\n\t\t\t\t\t\t\t\t\t\t\t<a href=\"https:\/\/lumiskills.com\/index.php\/focus-55-ans\/\">\n\t\t\t\t\t\t\t<img loading=\"lazy\" decoding=\"async\" width=\"300\" height=\"198\" src=\"https:\/\/lumiskills.com\/wp-content\/uploads\/2025\/01\/Capture-decran-2025-01-13-a-10.39.38-300x198.png\" class=\"attachment-medium size-medium wp-image-899\" alt=\"\" srcset=\"https:\/\/lumiskills.com\/wp-content\/uploads\/2025\/01\/Capture-decran-2025-01-13-a-10.39.38-300x198.png 300w, https:\/\/lumiskills.com\/wp-content\/uploads\/2025\/01\/Capture-decran-2025-01-13-a-10.39.38-768x507.png 768w, https:\/\/lumiskills.com\/wp-content\/uploads\/2025\/01\/Capture-decran-2025-01-13-a-10.39.38.png 834w\" sizes=\"(max-width: 300px) 100vw, 300px\" \/>\t\t\t\t\t\t\t\t<\/a>\n\t\t\t\t\t\t\t\t\t\t\t<figcaption class=\"widget-image-caption wp-caption-text\">Focus +55 ans<\/figcaption>\n\t\t\t\t\t\t\t\t\t\t<\/figure>\n\t\t\t\t\t\t\t\t\t<\/div>\n\t\t\t\t<\/div>\n\t\t\t\t\t<\/div>\n\t\t\t\t<\/div>\n\t\t<div class=\"elementor-element elementor-element-426bc61 e-flex e-con-boxed e-con e-parent\" data-id=\"426bc61\" data-element_type=\"container\" data-e-type=\"container\">\n\t\t\t\t\t<div class=\"e-con-inner\">\n\t\t\t\t<div class=\"elementor-element elementor-element-d015162 elementor-widget-divider--view-line elementor-widget elementor-widget-divider\" data-id=\"d015162\" data-element_type=\"widget\" data-e-type=\"widget\" data-widget_type=\"divider.default\">\n\t\t\t\t<div class=\"elementor-widget-container\">\n\t\t\t\t\t\t\t<div class=\"elementor-divider\">\n\t\t\t<span class=\"elementor-divider-separator\">\n\t\t\t\t\t\t<\/span>\n\t\t<\/div>\n\t\t\t\t\t\t<\/div>\n\t\t\t\t<\/div>\n\t\t\t\t<div class=\"elementor-element elementor-element-691afb0 fluentform-widget-submit-button-custom elementor-widget elementor-widget-fluent-form-widget\" data-id=\"691afb0\" data-element_type=\"widget\" data-e-type=\"widget\" data-widget_type=\"fluent-form-widget.default\">\n\t\t\t\t<div class=\"elementor-widget-container\">\n\t\t\t\t\t\n            <div class=\"fluentform-widget-wrapper hide-fluent-form-labels fluentform-widget-align-default\">\n\n                            <div class=\"fluentform-widget-heading\">\n                                        <h3 class=\"fluentform-widget-title\">\n                        Construisons ensemble votre projet                    <\/h3>\n                                                            <p class=\"fluentform-widget-description\">\n                        Parce que chaque r\u00e9ussite commence par un \u00e9change, contactez-moi pour discuter de vos besoins et trouver la solution qui vous correspond.                    <\/p>\n                                    <\/div>\n            \n            <div class='fluentform ff-default fluentform_wrapper_3 ffs_default_wrap'><form data-form_id=\"3\" id=\"fluentform_3\" class=\"frm-fluent-form fluent_form_3 ff-el-form-top ff_form_instance_3_1 ff-form-loading ffs_default\" data-form_instance=\"ff_form_instance_3_1\" method=\"POST\" ><fieldset  style=\"border: none!important;margin: 0!important;padding: 0!important;background-color: transparent!important;box-shadow: none!important;outline: none!important; min-inline-size: 100%;\">\n                    <legend class=\"ff_screen_reader_title\" style=\"display: block; margin: 0!important;padding: 0!important;height: 0!important;text-indent: -999999px;width: 0!important;overflow:hidden;\">Contact Form Demo (#3)<\/legend><p style=\"display: none !important;\" class=\"akismet-fields-container\" data-prefix=\"ak_\"><label>&#916;<textarea name=\"ak_hp_textarea\" cols=\"45\" rows=\"8\" maxlength=\"100\"><\/textarea><\/label><input type=\"hidden\" id=\"ak_js_1\" name=\"ak_js\" value=\"203\"\/><script>document.getElementById( \"ak_js_1\" ).setAttribute( \"value\", ( new Date() ).getTime() );<\/script><\/p><input type='hidden' name='__fluent_form_embded_post_id' value='823' \/><input type=\"hidden\" id=\"_fluentform_3_fluentformnonce\" name=\"_fluentform_3_fluentformnonce\" value=\"9bdc8fa68d\" \/><input type=\"hidden\" name=\"_wp_http_referer\" value=\"\/index.php\/wp-json\/wp\/v2\/pages\/823\" \/><div data-type=\"name-element\" data-name=\"names\" class=\" ff-field_container ff-name-field-wrapper\" ><div class='ff-t-container'><div class='ff-t-cell '><div class='ff-el-group'><div class=\"ff-el-input--label asterisk-right\"><label for='ff_3_names_first_name_' id='label_ff_3_names_first_name_' >Pr\u00e9nom<\/label><\/div><div class='ff-el-input--content'><input type=\"text\" name=\"names[first_name]\" id=\"ff_3_names_first_name_\" class=\"ff-el-form-control\" placeholder=\"Pr\u00e9nom\" aria-invalid=\"false\" aria-required=false><\/div><\/div><\/div><div class='ff-t-cell '><div class='ff-el-group'><div class=\"ff-el-input--label asterisk-right\"><label for='ff_3_names_last_name_' id='label_ff_3_names_last_name_' >Nom<\/label><\/div><div class='ff-el-input--content'><input type=\"text\" name=\"names[last_name]\" id=\"ff_3_names_last_name_\" class=\"ff-el-form-control\" placeholder=\"Nom\" aria-invalid=\"false\" aria-required=false><\/div><\/div><\/div><\/div><\/div><div data-type=\"name-element\" data-name=\"names_1\" class=\" ff-field_container ff-name-field-wrapper\" ><div class='ff-t-container'><div class='ff-t-cell '><div class='ff-el-group  ff-el-form-top'><div class=\"ff-el-input--label asterisk-right\"><label for='ff_3_names_1_first_name_' id='label_ff_3_names_1_first_name_' >Entreprise<\/label><\/div><div class='ff-el-input--content'><input type=\"text\" name=\"names_1[first_name]\" id=\"ff_3_names_1_first_name_\" class=\"ff-el-form-control\" placeholder=\"Entreprise\" aria-invalid=\"false\" aria-required=false><\/div><\/div><\/div><div class='ff-t-cell '><div class='ff-el-group  ff-el-form-top'><div class=\"ff-el-input--label asterisk-right\"><label for='ff_3_names_1_last_name_' id='label_ff_3_names_1_last_name_' >Fonction<\/label><\/div><div class='ff-el-input--content'><input type=\"text\" name=\"names_1[last_name]\" id=\"ff_3_names_1_last_name_\" class=\"ff-el-form-control\" placeholder=\"Fonction\" aria-invalid=\"false\" aria-required=false><\/div><\/div><\/div><\/div><\/div><div class='ff-el-group'><div class=\"ff-el-input--label ff-el-is-required asterisk-right\"><label for='ff_3_email' id='label_ff_3_email' aria-label=\"Email\">Email<\/label><\/div><div class='ff-el-input--content'><input type=\"email\" name=\"email\" id=\"ff_3_email\" class=\"ff-el-form-control\" placeholder=\"Email Address\" data-name=\"email\"  aria-invalid=\"false\" aria-required=true><\/div><\/div><div class='ff-el-group'><div class=\"ff-el-input--label asterisk-right\"><label for='ff_3_subject' id='label_ff_3_subject' aria-label=\"Objet\">Objet<\/label><\/div><div class='ff-el-input--content'><input type=\"text\" name=\"subject\" class=\"ff-el-form-control\" placeholder=\"Objet\" data-name=\"subject\" id=\"ff_3_subject\"  aria-invalid=\"false\" aria-required=false><\/div><\/div><div class='ff-el-group'><div class=\"ff-el-input--label ff-el-is-required asterisk-right\"><label for='ff_3_message' id='label_ff_3_message' aria-label=\"Votre Message\">Votre Message<\/label><\/div><div class='ff-el-input--content'><textarea aria-required=\"true\" aria-labelledby=\"label_ff_3_message\" name=\"message\" id=\"ff_3_message\" class=\"ff-el-form-control\" placeholder=\"Votre Message\" rows=\"4\" cols=\"2\" data-name=\"message\" ><\/textarea><\/div><\/div><div class='ff-el-group ff-text-center ff_submit_btn_wrapper'><button type=\"submit\" class=\"ff-btn ff-btn-submit ff-btn-md ff_btn_style\"  aria-label=\"Envoyez\">Envoyez<\/button><\/div><\/fieldset><\/form><div id='fluentform_3_errors' class='ff-errors-in-stack ff_form_instance_3_1 ff-form-loading_errors ff_form_instance_3_1_errors'><\/div><\/div>            <script type=\"text\/javascript\">\n                window.fluent_form_ff_form_instance_3_1 = {\"id\":\"3\",\"settings\":{\"layout\":{\"labelPlacement\":\"top\",\"helpMessagePlacement\":\"with_label\",\"errorMessagePlacement\":\"inline\",\"cssClassName\":\"\",\"asteriskPlacement\":\"asterisk-right\"},\"restrictions\":{\"denyEmptySubmission\":{\"enabled\":false}}},\"form_instance\":\"ff_form_instance_3_1\",\"form_id_selector\":\"fluentform_3\",\"rules\":{\"names[first_name]\":{\"required\":{\"value\":false,\"message\":\"Ce champ est obligatoire\",\"global\":true,\"global_message\":\"Ce champ est obligatoire\"}},\"names[middle_name]\":{\"required\":{\"value\":false,\"message\":\"Ce champ est obligatoire\",\"global\":true,\"global_message\":\"Ce champ est obligatoire\"}},\"names[last_name]\":{\"required\":{\"value\":false,\"message\":\"Ce champ est obligatoire\",\"global\":true,\"global_message\":\"Ce champ est obligatoire\"}},\"names_1[first_name]\":{\"required\":{\"value\":false,\"message\":\"Ce champ est obligatoire\",\"global_message\":\"Ce champ est obligatoire\",\"global\":true}},\"names_1[middle_name]\":{\"required\":{\"value\":false,\"message\":\"Ce champ est obligatoire\",\"global_message\":\"Ce champ est obligatoire\",\"global\":true}},\"names_1[last_name]\":{\"required\":{\"value\":false,\"message\":\"Ce champ est obligatoire\",\"global_message\":\"Ce champ est obligatoire\",\"global\":true}},\"email\":{\"required\":{\"value\":true,\"message\":\"Ce champ est obligatoire\",\"global\":true,\"global_message\":\"Ce champ est obligatoire\"},\"email\":{\"value\":true,\"message\":\"Ce champ doit contenir un e-mail valide\",\"global\":true,\"global_message\":\"Ce champ doit contenir un e-mail valide\"}},\"subject\":{\"required\":{\"value\":false,\"message\":\"Ce champ est obligatoire\",\"global\":true,\"global_message\":\"Ce champ est obligatoire\"}},\"message\":{\"required\":{\"value\":true,\"message\":\"Ce champ est obligatoire\",\"global\":true,\"global_message\":\"Ce champ est obligatoire\"}}},\"debounce_time\":300};\n                            <\/script>\n                        <\/div>\n\n            \t\t\t\t<\/div>\n\t\t\t\t<\/div>\n\t\t\t\t\t<\/div>\n\t\t\t\t<\/div>\n\t\t<div class=\"elementor-element elementor-element-6c7b89e e-flex e-con-boxed e-con e-parent\" data-id=\"6c7b89e\" data-element_type=\"container\" data-e-type=\"container\">\n\t\t\t\t\t<div class=\"e-con-inner\">\n\t\t\t\t\t<\/div>\n\t\t\t\t<\/div>\n\t\t\t\t<\/div>\n\t\t","protected":false},"excerpt":{"rendered":"<p>D\u00e9couvrez le coaching pour transformer votre quotidien Vous aspirez \u00e0 mieux g\u00e9rer les d\u00e9fis du quotidien, \u00e0 retrouver du sens [&hellip;]<\/p>\n","protected":false},"author":1,"featured_media":0,"parent":0,"menu_order":0,"comment_status":"closed","ping_status":"closed","template":"","meta":{"site-sidebar-layout":"default","site-content-layout":"","ast-site-content-layout":"default","site-content-style":"default","site-sidebar-style":"default","ast-global-header-display":"","ast-banner-title-visibility":"","ast-main-header-display":"","ast-hfb-above-header-display":"","ast-hfb-below-header-display":"","ast-hfb-mobile-header-display":"","site-post-title":"","ast-breadcrumbs-content":"","ast-featured-img":"","footer-sml-layout":"","ast-disable-related-posts":"","theme-transparent-header-meta":"","adv-header-id-meta":"","stick-header-meta":"","header-above-stick-meta":"","header-main-stick-meta":"","header-below-stick-meta":"","astra-migrate-meta-layouts":"default","ast-page-background-enabled":"default","ast-page-background-meta":{"desktop":{"background-color":"var(--ast-global-color-5)","background-image":"","background-repeat":"repeat","background-position":"center center","background-size":"auto","background-attachment":"scroll","background-type":"","background-media":"","overlay-type":"","overlay-color":"","overlay-opacity":"","overlay-gradient":""},"tablet":{"background-color":"","background-image":"","background-repeat":"repeat","background-position":"center center","background-size":"auto","background-attachment":"scroll","background-type":"","background-media":"","overlay-type":"","overlay-color":"","overlay-opacity":"","overlay-gradient":""},"mobile":{"background-color":"","background-image":"","background-repeat":"repeat","background-position":"center center","background-size":"auto","background-attachment":"scroll","background-type":"","background-media":"","overlay-type":"","overlay-color":"","overlay-opacity":"","overlay-gradient":""}},"ast-content-background-meta":{"desktop":{"background-color":"var(--ast-global-color-4)","background-image":"","background-repeat":"repeat","background-position":"center center","background-size":"auto","background-attachment":"scroll","background-type":"","background-media":"","overlay-type":"","overlay-color":"","overlay-opacity":"","overlay-gradient":""},"tablet":{"background-color":"var(--ast-global-color-4)","background-image":"","background-repeat":"repeat","background-position":"center center","background-size":"auto","background-attachment":"scroll","background-type":"","background-media":"","overlay-type":"","overlay-color":"","overlay-opacity":"","overlay-gradient":""},"mobile":{"background-color":"var(--ast-global-color-4)","background-image":"","background-repeat":"repeat","background-position":"center center","background-size":"auto","background-attachment":"scroll","background-type":"","background-media":"","overlay-type":"","overlay-color":"","overlay-opacity":"","overlay-gradient":""}},"footnotes":""},"class_list":["post-823","page","type-page","status-publish","hentry"],"_links":{"self":[{"href":"https:\/\/lumiskills.com\/index.php\/wp-json\/wp\/v2\/pages\/823","targetHints":{"allow":["GET"]}}],"collection":[{"href":"https:\/\/lumiskills.com\/index.php\/wp-json\/wp\/v2\/pages"}],"about":[{"href":"https:\/\/lumiskills.com\/index.php\/wp-json\/wp\/v2\/types\/page"}],"author":[{"embeddable":true,"href":"https:\/\/lumiskills.com\/index.php\/wp-json\/wp\/v2\/users\/1"}],"replies":[{"embeddable":true,"href":"https:\/\/lumiskills.com\/index.php\/wp-json\/wp\/v2\/comments?post=823"}],"version-history":[{"count":26,"href":"https:\/\/lumiskills.com\/index.php\/wp-json\/wp\/v2\/pages\/823\/revisions"}],"predecessor-version":[{"id":1194,"href":"https:\/\/lumiskills.com\/index.php\/wp-json\/wp\/v2\/pages\/823\/revisions\/1194"}],"wp:attachment":[{"href":"https:\/\/lumiskills.com\/index.php\/wp-json\/wp\/v2\/media?parent=823"}],"curies":[{"name":"wp","href":"https:\/\/api.w.org\/{rel}","templated":true}]}}