{"id":512,"date":"2023-11-22T14:59:34","date_gmt":"2023-11-22T13:59:34","guid":{"rendered":"https:\/\/lumiskills.com\/?page_id=512"},"modified":"2024-03-15T17:58:02","modified_gmt":"2024-03-15T16:58:02","slug":"disc-aix-marseille-manager","status":"publish","type":"page","link":"https:\/\/lumiskills.com\/index.php\/disc-aix-marseille-manager\/","title":{"rendered":"Le mod\u00e8le D.I.S.C."},"content":{"rendered":"\t\t<div data-elementor-type=\"wp-page\" data-elementor-id=\"512\" class=\"elementor elementor-512\">\n\t\t\t\t<div class=\"elementor-element elementor-element-32de81f8 e-flex e-con-boxed e-con e-parent\" data-id=\"32de81f8\" data-element_type=\"container\" data-e-type=\"container\">\n\t\t\t\t\t<div class=\"e-con-inner\">\n\t\t\t\t<div class=\"elementor-element elementor-element-781a5337 elementor-widget elementor-widget-text-editor\" data-id=\"781a5337\" data-element_type=\"widget\" data-e-type=\"widget\" data-widget_type=\"text-editor.default\">\n\t\t\t\t<div class=\"elementor-widget-container\">\n\t\t\t\t\t\t\t\t\t<p><span style=\"color: #000000;\"><\/span><\/p>\n<figure><span style=\"color: #000000;\"><img decoding=\"async\" class=\"alignleft\" style=\"width: 106px; height: auto;\" src=\"http:\/\/lumiskills.com\/wp-content\/uploads\/2023\/11\/ad5c9e27-52fa-4c21-9337-7bb4166cee4e.jpeg\" alt=\"\" \/><\/span><\/figure>\n<p><span style=\"color: #000000;\"><\/span><\/p>\n<p><span style=\"color: #000000;\">Mesurer et classer les temp\u00e9raments en quatre cat\u00e9gories distinctes existe depuis longtemps. Bien que le langage et les descriptifs aient chang\u00e9, les quatre principaux types pr\u00e9sentent une grande homog\u00e9n\u00e9it\u00e9 dans le temps.<\/span><\/p>\n<p><span style=\"color: #000000;\"><\/span><\/p>\n<p><span style=\"color: #000000;\">William Marston (cr\u00e9ateur du mod\u00e8le D.I.S.C.) a insist\u00e9 sur le fait que les quatre types de comportement DISC provenaient de la perception que les gens ont d\u2019eux-m\u00eames et de leur interaction avec l\u2019environnement.<\/span><\/p>\n<p><span style=\"color: #000000;\"><\/span><\/p>\n<p><span style=\"color: #000000;\">Il a inclus deux dimensions qui influencent le comportement \u00e9motionnel des gens :<\/span><\/p>\n<p><span style=\"color: #000000;\"><\/span><\/p>\n<ul class=\"wp-block-list\">\n<li style=\"list-style-type: none;\">\n<ul><\/ul>\n<\/li>\n<\/ul>\n<ul>\n<li style=\"list-style-type: none;\">\n<ul>\n<li><span style=\"color: #000000;\">La premi\u00e8re dimension consiste \u00e0 savoir si une personne consid\u00e8re son environnement comme favorable ou d\u00e9favorable.<\/span><\/li>\n<\/ul>\n<\/li>\n<\/ul>\n<p><\/p>\n<ul>\n<li style=\"list-style-type: none;\">\n<ul>\n<li><span style=\"color: #000000;\">La deuxi\u00e8me dimension consiste \u00e0 savoir si une personne se per\u00e7oit comme ayant un contr\u00f4le ou un manque de contr\u00f4le sur son environnement.<\/span><\/li>\n<\/ul>\n<\/li>\n<\/ul>\n<p><\/p>\n<p><span style=\"color: #000000;\"><\/span><\/p>\n<p>\u00a0<\/p>\n<p><span style=\"color: #000000;\"><\/span><\/p>\n<p><span style=\"color: #000000;\"><strong>\ud83d\udd34 D (dominant) :<\/strong>\u00a0Se per\u00e7oit comme plus puissant que l\u2019environnement et per\u00e7oit l\u2019environnement comme d\u00e9favorable.<\/span><\/p>\n<p><span style=\"color: var( --e-global-color-text ); font-family: var( --e-global-typography-text-font-family ), Sans-serif; font-weight: var( --e-global-typography-text-font-weight ); text-align: var(--text-align); font-size: 1rem;\">Fonceur, \u00c9nergique, Rapide, Direct, Ind\u00e9pendant, Exigeant<\/span><\/p>\n<p><span style=\"color: #000000;\"><\/span><\/p>\n<p><span style=\"color: #000000;\"><strong>\ud83d\udfe1 I (influent) :<\/strong>\u00a0Se per\u00e7oit comme plus puissant que l\u2019environnement et per\u00e7oit l\u2019environnement comme favorable.<\/span><\/p>\n<p>Expansif, Enthousiaste, Communicatif, D\u00e9monstratif, Sociable, Tonique<span style=\"color: #000000;\"><br \/><\/span><\/p>\n<p><span style=\"color: #000000;\"><\/span><\/p>\n<p><span style=\"color: #000000;\"><strong>\ud83d\udfe2 S (stable) :<\/strong>\u00a0Se per\u00e7oit comme moins puissant que l\u2019environnement et per\u00e7oit l\u2019environnement comme favorable.<\/span><\/p>\n<p><span style=\"color: var( --e-global-color-text ); font-family: var( --e-global-typography-text-font-family ), Sans-serif; font-weight: var( --e-global-typography-text-font-weight ); text-align: var(--text-align); font-size: 1rem;\">Attentionn\u00e9, Calme, Coop\u00e9rant, Patient, Modeste, Fiable<\/span><\/p>\n<p><span style=\"color: #000000;\"><\/span><\/p>\n<p><span style=\"color: #000000;\"><strong>\ud83d\udd35 C (conforme) :<\/strong>\u00a0Se per\u00e7oit comme moins puissant que l\u2019environnement et per\u00e7oit l\u2019environnement comme d\u00e9favorable.<\/span><\/p>\n<p><span style=\"color: var( --e-global-color-text ); font-family: var( --e-global-typography-text-font-family ), Sans-serif; font-weight: var( --e-global-typography-text-font-weight ); text-align: var(--text-align); font-size: 1rem;\">Pr\u00e9cis, R\u00e9serv\u00e9, Formel, Analytique, Prudent, R\u00e9fl\u00e9chi<\/span><\/p>\n<p><span style=\"color: #000000;\"><\/span><\/p>\n<p><span style=\"color: #000000;\">\u00a0Les 4 types sont aujourd\u2019hui compl\u00e9t\u00e9s par 7 forces motrices ( esth\u00e9tique, \u00e9conomique, individualiste, th\u00e9orique, traditionnaliste, politique, altruiste) qui viennent compl\u00e9ter le mod\u00e8le D.I.S.C. en s\u2019attachant plus au \u00ab pourquoi \u00bb qu\u2019au \u00ab comment \u00bb.<\/span><\/p>\n<div>\n<p><span style=\"color: #000000;\"><\/span><\/p>\n<\/div>\n<p><span style=\"color: #000000;\"><!-- \/wp:columns --><\/span><\/p>\t\t\t\t\t\t\t\t<\/div>\n\t\t\t\t<\/div>\n\t\t\t\t\t<\/div>\n\t\t\t\t<\/div>\n\t\t<div class=\"elementor-element elementor-element-ce0d3b5 e-flex e-con-boxed e-con e-parent\" data-id=\"ce0d3b5\" data-element_type=\"container\" data-e-type=\"container\">\n\t\t\t\t\t<div class=\"e-con-inner\">\n\t\t<div class=\"elementor-element elementor-element-dfffe48 e-con-full e-flex e-con e-child\" data-id=\"dfffe48\" data-element_type=\"container\" data-e-type=\"container\">\n\t\t\t\t<div class=\"elementor-element elementor-element-8918c41 elementor-widget elementor-widget-button\" data-id=\"8918c41\" data-element_type=\"widget\" data-e-type=\"widget\" data-widget_type=\"button.default\">\n\t\t\t\t<div class=\"elementor-widget-container\">\n\t\t\t\t\t\t\t\t\t<div class=\"elementor-button-wrapper\">\n\t\t\t\t\t<a class=\"elementor-button elementor-button-link elementor-size-md\" href=\"https:\/\/lumiskills.com\/index.php\/prestations\/\">\n\t\t\t\t\t\t<span class=\"elementor-button-content-wrapper\">\n\t\t\t\t\t\t\t\t\t<span class=\"elementor-button-text\">Prestations<\/span>\n\t\t\t\t\t<\/span>\n\t\t\t\t\t<\/a>\n\t\t\t\t<\/div>\n\t\t\t\t\t\t\t\t<\/div>\n\t\t\t\t<\/div>\n\t\t\t\t<\/div>\n\t\t<div class=\"elementor-element elementor-element-5830249 e-con-full e-flex e-con e-child\" data-id=\"5830249\" data-element_type=\"container\" data-e-type=\"container\">\n\t\t\t\t<div class=\"elementor-element elementor-element-5362ce8 elementor-widget elementor-widget-button\" data-id=\"5362ce8\" data-element_type=\"widget\" data-e-type=\"widget\" data-widget_type=\"button.default\">\n\t\t\t\t<div class=\"elementor-widget-container\">\n\t\t\t\t\t\t\t\t\t<div class=\"elementor-button-wrapper\">\n\t\t\t\t\t<a class=\"elementor-button elementor-button-link elementor-size-md\" href=\"https:\/\/lumiskills.com\/index.php\/contact\/\">\n\t\t\t\t\t\t<span class=\"elementor-button-content-wrapper\">\n\t\t\t\t\t\t\t\t\t<span class=\"elementor-button-text\">Contact<\/span>\n\t\t\t\t\t<\/span>\n\t\t\t\t\t<\/a>\n\t\t\t\t<\/div>\n\t\t\t\t\t\t\t\t<\/div>\n\t\t\t\t<\/div>\n\t\t\t\t<\/div>\n\t\t\t\t\t<\/div>\n\t\t\t\t<\/div>\n\t\t\t\t<\/div>\n\t\t","protected":false},"excerpt":{"rendered":"<p>Mesurer et classer les temp\u00e9raments en quatre cat\u00e9gories distinctes existe depuis longtemps. Bien que le langage et les descriptifs aient [&hellip;]<\/p>\n","protected":false},"author":1,"featured_media":0,"parent":0,"menu_order":0,"comment_status":"closed","ping_status":"closed","template":"","meta":{"site-sidebar-layout":"default","site-content-layout":"","ast-site-content-layout":"default","site-content-style":"default","site-sidebar-style":"default","ast-global-header-display":"","ast-banner-title-visibility":"","ast-main-header-display":"","ast-hfb-above-header-display":"","ast-hfb-below-header-display":"","ast-hfb-mobile-header-display":"","site-post-title":"","ast-breadcrumbs-content":"","ast-featured-img":"","footer-sml-layout":"","ast-disable-related-posts":"","theme-transparent-header-meta":"","adv-header-id-meta":"","stick-header-meta":"","header-above-stick-meta":"","header-main-stick-meta":"","header-below-stick-meta":"","astra-migrate-meta-layouts":"default","ast-page-background-enabled":"default","ast-page-background-meta":{"desktop":{"background-color":"var(--ast-global-color-5)","background-image":"","background-repeat":"repeat","background-position":"center center","background-size":"auto","background-attachment":"scroll","background-type":"","background-media":"","overlay-type":"","overlay-color":"","overlay-opacity":"","overlay-gradient":""},"tablet":{"background-color":"","background-image":"","background-repeat":"repeat","background-position":"center center","background-size":"auto","background-attachment":"scroll","background-type":"","background-media":"","overlay-type":"","overlay-color":"","overlay-opacity":"","overlay-gradient":""},"mobile":{"background-color":"","background-image":"","background-repeat":"repeat","background-position":"center center","background-size":"auto","background-attachment":"scroll","background-type":"","background-media":"","overlay-type":"","overlay-color":"","overlay-opacity":"","overlay-gradient":""}},"ast-content-background-meta":{"desktop":{"background-color":"var(--ast-global-color-4)","background-image":"","background-repeat":"repeat","background-position":"center center","background-size":"auto","background-attachment":"scroll","background-type":"","background-media":"","overlay-type":"","overlay-color":"","overlay-opacity":"","overlay-gradient":""},"tablet":{"background-color":"var(--ast-global-color-4)","background-image":"","background-repeat":"repeat","background-position":"center center","background-size":"auto","background-attachment":"scroll","background-type":"","background-media":"","overlay-type":"","overlay-color":"","overlay-opacity":"","overlay-gradient":""},"mobile":{"background-color":"var(--ast-global-color-4)","background-image":"","background-repeat":"repeat","background-position":"center center","background-size":"auto","background-attachment":"scroll","background-type":"","background-media":"","overlay-type":"","overlay-color":"","overlay-opacity":"","overlay-gradient":""}},"footnotes":""},"class_list":["post-512","page","type-page","status-publish","hentry"],"_links":{"self":[{"href":"https:\/\/lumiskills.com\/index.php\/wp-json\/wp\/v2\/pages\/512","targetHints":{"allow":["GET"]}}],"collection":[{"href":"https:\/\/lumiskills.com\/index.php\/wp-json\/wp\/v2\/pages"}],"about":[{"href":"https:\/\/lumiskills.com\/index.php\/wp-json\/wp\/v2\/types\/page"}],"author":[{"embeddable":true,"href":"https:\/\/lumiskills.com\/index.php\/wp-json\/wp\/v2\/users\/1"}],"replies":[{"embeddable":true,"href":"https:\/\/lumiskills.com\/index.php\/wp-json\/wp\/v2\/comments?post=512"}],"version-history":[{"count":29,"href":"https:\/\/lumiskills.com\/index.php\/wp-json\/wp\/v2\/pages\/512\/revisions"}],"predecessor-version":[{"id":601,"href":"https:\/\/lumiskills.com\/index.php\/wp-json\/wp\/v2\/pages\/512\/revisions\/601"}],"wp:attachment":[{"href":"https:\/\/lumiskills.com\/index.php\/wp-json\/wp\/v2\/media?parent=512"}],"curies":[{"name":"wp","href":"https:\/\/api.w.org\/{rel}","templated":true}]}}