{"id":1578,"date":"2026-01-03T11:29:17","date_gmt":"2026-01-03T10:29:17","guid":{"rendered":"https:\/\/lumiskills.com\/?page_id=1578"},"modified":"2026-04-13T18:13:54","modified_gmt":"2026-04-13T16:13:54","slug":"formation","status":"publish","type":"page","link":"https:\/\/lumiskills.com\/index.php\/formation\/","title":{"rendered":"Formation"},"content":{"rendered":"\t\t<div data-elementor-type=\"wp-page\" data-elementor-id=\"1578\" class=\"elementor elementor-1578\">\n\t\t\t\t<div class=\"elementor-element elementor-element-1c7a7de e-flex e-con-boxed e-con e-parent\" data-id=\"1c7a7de\" data-element_type=\"container\" data-e-type=\"container\">\n\t\t\t\t\t<div class=\"e-con-inner\">\n\t\t\t\t<div class=\"elementor-element elementor-element-efa640a elementor-widget__width-initial elementor-widget-tablet__width-initial elementor-widget-mobile__width-initial elementor-widget elementor-widget-heading\" data-id=\"efa640a\" data-element_type=\"widget\" data-e-type=\"widget\" data-widget_type=\"heading.default\">\n\t\t\t\t<div class=\"elementor-widget-container\">\n\t\t\t\t\t<h1 class=\"elementor-heading-title elementor-size-default\"><h1 class=\"elementor-heading-title elementor-size-default elementor-inline-editing pen\" data-elementor-setting-key=\"title\" data-pen-placeholder=\"\u00c9crivez ici...\" style=\"font-style: normal\">DISC &amp; Forces Motrices<\/h1><\/h1>\t\t\t\t<\/div>\n\t\t\t\t<\/div>\n\t\t\t\t<div class=\"elementor-element elementor-element-e109342 elementor-widget elementor-widget-image\" data-id=\"e109342\" data-element_type=\"widget\" data-e-type=\"widget\" data-widget_type=\"image.default\">\n\t\t\t\t<div class=\"elementor-widget-container\">\n\t\t\t\t\t\t\t\t\t\t\t\t\t\t\t<img fetchpriority=\"high\" decoding=\"async\" width=\"1024\" height=\"621\" src=\"https:\/\/lumiskills.com\/wp-content\/uploads\/2026\/03\/Capture-decran-2026-03-24-a-11.12.03-1024x621.png\" class=\"attachment-large size-large wp-image-1743\" alt=\"\" srcset=\"https:\/\/lumiskills.com\/wp-content\/uploads\/2026\/03\/Capture-decran-2026-03-24-a-11.12.03-1024x621.png 1024w, https:\/\/lumiskills.com\/wp-content\/uploads\/2026\/03\/Capture-decran-2026-03-24-a-11.12.03-300x182.png 300w, https:\/\/lumiskills.com\/wp-content\/uploads\/2026\/03\/Capture-decran-2026-03-24-a-11.12.03-768x466.png 768w, https:\/\/lumiskills.com\/wp-content\/uploads\/2026\/03\/Capture-decran-2026-03-24-a-11.12.03.png 1250w\" sizes=\"(max-width: 1024px) 100vw, 1024px\" \/>\t\t\t\t\t\t\t\t\t\t\t\t\t\t\t<\/div>\n\t\t\t\t<\/div>\n\t\t\t\t\t<\/div>\n\t\t\t\t<\/div>\n\t\t<div class=\"elementor-element elementor-element-2d1308bd e-flex e-con-boxed e-con e-parent\" data-id=\"2d1308bd\" data-element_type=\"container\" data-e-type=\"container\">\n\t\t\t\t\t<div class=\"e-con-inner\">\n\t\t\t\t<div class=\"elementor-element elementor-element-3cfdf1f1 elementor-widget elementor-widget-text-editor\" data-id=\"3cfdf1f1\" data-element_type=\"widget\" data-e-type=\"widget\" data-widget_type=\"text-editor.default\">\n\t\t\t\t<div class=\"elementor-widget-container\">\n\t\t\t\t\t\t\t\t\t<p style=\"text-align: center;\" data-start=\"493\" data-end=\"664\"><span style=\"color: #333399;\"><strong>Chez LUMISKILLS, la formation DISC &amp; Forces Motrices est con\u00e7ue comme un levier de compr\u00e9hension et d\u2019ajustement des relations professionnelles, pas comme un outil th\u00e9orique plaqu\u00e9.<\/strong><\/span><\/p><p data-start=\"666\" data-end=\"832\"><span style=\"color: #333399;\">Cette formation permet de mieux lire les comportements, les modes de communication et les r\u00e9actions, afin d\u2019am\u00e9liorer concr\u00e8tement la coop\u00e9ration au sein des \u00e9quipes.<\/span><\/p><div><h2 data-start=\"839\" data-end=\"896\"><span style=\"color: #333399;\"><b>Une formation de 3 jours, structur\u00e9e et op\u00e9rationnelle<\/b><\/span><\/h2><p data-start=\"898\" data-end=\"980\"><span style=\"color: #333399;\">Cette formation se d\u00e9roule sur <strong data-start=\"929\" data-end=\"940\">3 jours<\/strong> (pr\u00e9sentiel ou distanciel) et alterne :<\/span><\/p><ul data-start=\"981\" data-end=\"1147\"><li data-start=\"981\" data-end=\"1023\"><p data-start=\"983\" data-end=\"1023\"><span style=\"color: #333399;\">apports structurants sur le mod\u00e8le DISC,<\/span><\/p><\/li><li data-start=\"1024\" data-end=\"1093\"><p data-start=\"1026\" data-end=\"1093\"><span style=\"color: #333399;\">mises en situation et cas concrets issus du contexte professionnel,<\/span><\/p><\/li><li data-start=\"1094\" data-end=\"1147\"><p data-start=\"1096\" data-end=\"1147\"><span style=\"color: #333399;\">temps de r\u00e9flexion et d\u2019appropriation individuelle.<\/span><\/p><\/li><\/ul><p data-start=\"1149\" data-end=\"1270\"><span style=\"color: #333399;\">L\u2019objectif n\u2019est pas d\u2019\u201capprendre le DISC\u201d, mais de <strong data-start=\"1203\" data-end=\"1269\">savoir l\u2019utiliser dans les situations professionnelles r\u00e9elles<\/strong>.<\/span><\/p><h2 data-start=\"1277\" data-end=\"1305\"><span style=\"color: #333399;\"><b>Objectifs de la formation<\/b><\/span><\/h2><p data-start=\"1307\" data-end=\"1371\"><span style=\"color: #333399;\">\u00c0 l\u2019issue de la formation, les participants seront capables de :<\/span><\/p><ul data-start=\"1372\" data-end=\"1703\"><li data-start=\"1372\" data-end=\"1445\"><p data-start=\"1374\" data-end=\"1445\"><span style=\"color: #333399;\">comprendre les diff\u00e9rents profils comportementaux selon le mod\u00e8le DISC,<\/span><\/p><\/li><li data-start=\"1446\" data-end=\"1514\"><p data-start=\"1448\" data-end=\"1514\"><span style=\"color: #333399;\">identifier leur propre mode de fonctionnement et celui des autres,<\/span><\/p><\/li><li data-start=\"1515\" data-end=\"1575\"><p data-start=\"1517\" data-end=\"1575\"><span style=\"color: #333399;\">adapter leur communication en fonction des interlocuteurs,<\/span><\/p><\/li><li data-start=\"1576\" data-end=\"1635\"><p data-start=\"1578\" data-end=\"1635\"><span style=\"color: #333399;\">pr\u00e9venir les incompr\u00e9hensions et tensions relationnelles,<\/span><\/p><\/li><li data-start=\"1636\" data-end=\"1703\"><p data-start=\"1638\" data-end=\"1703\"><span style=\"color: #333399;\">am\u00e9liorer la qualit\u00e9 des \u00e9changes et la coop\u00e9ration au quotidien.<\/span><\/p><\/li><\/ul><h2 data-start=\"1710\" data-end=\"1746\"><span style=\"color: #333399;\"><b>\u00c0 qui s\u2019adresse cette formation ?<\/b><\/span><\/h2><p data-start=\"1748\" data-end=\"1775\"><span style=\"color: #333399;\">Cette formation s\u2019adresse :<\/span><\/p><ul data-start=\"1776\" data-end=\"1885\"><li data-start=\"1776\" data-end=\"1791\"><p data-start=\"1778\" data-end=\"1791\"><span style=\"color: #333399;\">aux managers,<\/span><\/p><\/li><li data-start=\"1792\" data-end=\"1806\"><p data-start=\"1794\" data-end=\"1806\"><span style=\"color: #333399;\">aux \u00e9quipes,<\/span><\/p><\/li><li data-start=\"1807\" data-end=\"1885\"><p data-start=\"1809\" data-end=\"1885\"><span style=\"color: #333399;\">aux professionnels souhaitant am\u00e9liorer leur communication interpersonnelle.<\/span><\/p><\/li><\/ul><p data-start=\"1887\" data-end=\"1947\"><span style=\"color: #333399;\"><b>Elle est particuli\u00e8rement pertinente dans des contextes de :<\/b><\/span><\/p><ul data-start=\"1948\" data-end=\"2039\"><li data-start=\"1948\" data-end=\"1968\"><p data-start=\"1950\" data-end=\"1968\"><span style=\"color: #333399;\">travail en \u00e9quipe,<\/span><\/p><\/li><li data-start=\"1969\" data-end=\"1982\"><p data-start=\"1971\" data-end=\"1982\"><span style=\"color: #333399;\">management,<\/span><\/p><\/li><li data-start=\"1983\" data-end=\"2007\"><p data-start=\"1985\" data-end=\"2007\"><span style=\"color: #333399;\">relations transverses,<\/span><\/p><\/li><li data-start=\"2008\" data-end=\"2039\"><p data-start=\"2010\" data-end=\"2039\"><span style=\"color: #333399;\">changements organisationnels.<\/span><\/p><\/li><\/ul><h2 data-start=\"2046\" data-end=\"2071\"><span style=\"color: #333399;\"><b>Modalit\u00e9s p\u00e9dagogiques<\/b><\/span><\/h2><ul data-start=\"2073\" data-end=\"2248\"><li data-start=\"2073\" data-end=\"2114\"><p data-start=\"2075\" data-end=\"2114\"><span style=\"color: #333399;\">Formation en pr\u00e9sentiel<\/span><\/p><\/li><li data-start=\"2115\" data-end=\"2152\"><p data-start=\"2117\" data-end=\"2152\"><span style=\"color: #333399;\">Groupe constitu\u00e9 par l\u2019entreprise (12 personnes max)<\/span><\/p><\/li><li data-start=\"2153\" data-end=\"2214\"><p data-start=\"2155\" data-end=\"2214\"><span style=\"color: #333399;\">Contenus adapt\u00e9s aux enjeux sp\u00e9cifiques de l\u2019organisation<\/span><\/p><\/li><li data-start=\"2215\" data-end=\"2248\"><p data-start=\"2217\" data-end=\"2248\"><span style=\"color: #333399;\">Supports p\u00e9dagogiques fournis<\/span><\/p><\/li><\/ul><p data-start=\"2250\" data-end=\"2372\"><span style=\"color: #333399;\">La formation peut \u00eatre propos\u00e9e <strong data-start=\"2282\" data-end=\"2300\">ind\u00e9pendamment<\/strong> ou <strong data-start=\"2304\" data-end=\"2341\">en compl\u00e9ment d\u2019un accompagnement<\/strong>, selon les besoins identifi\u00e9s.<\/span><\/p><\/div><h2 data-start=\"2379\" data-end=\"2414\"><span style=\"color: #333399;\"><b>Une approche pragmatique du DISC et des Forces Motrices<\/b><\/span><\/h2><p data-start=\"2416\" data-end=\"2503\"><span style=\"color: #333399;\">Le DISC est utilis\u00e9 comme un <strong data-start=\"2445\" data-end=\"2495\">outil de lecture pragmatique des comportements<\/strong>, pour :<\/span><\/p><ul data-start=\"2504\" data-end=\"2620\"><li data-start=\"2504\" data-end=\"2537\"><p data-start=\"2506\" data-end=\"2537\"><span style=\"color: #333399;\">mieux comprendre les r\u00e9actions,<\/span><\/p><\/li><li data-start=\"2538\" data-end=\"2575\"><p data-start=\"2540\" data-end=\"2575\"><span style=\"color: #333399;\">ajuster les modes de communication,<\/span><\/p><\/li><li data-start=\"2576\" data-end=\"2620\"><p data-start=\"2578\" data-end=\"2620\"><span style=\"color: #333399;\">fluidifier les relations professionnelles.<\/span><\/p><\/li><\/ul><p><!-- \/wp:paragraph --><!-- wp:paragraph --><\/p><p><!-- \/wp:paragraph --><\/p>\t\t\t\t\t\t\t\t<\/div>\n\t\t\t\t<\/div>\n\t\t\t\t\t<\/div>\n\t\t\t\t<\/div>\n\t\t<div class=\"elementor-element elementor-element-76160da e-grid e-con-boxed e-con e-parent\" data-id=\"76160da\" data-element_type=\"container\" data-e-type=\"container\">\n\t\t\t\t\t<div class=\"e-con-inner\">\n\t\t\t\t<div class=\"elementor-element elementor-element-1c2c42c elementor-widget elementor-widget-text-editor\" data-id=\"1c2c42c\" data-element_type=\"widget\" data-e-type=\"widget\" data-widget_type=\"text-editor.default\">\n\t\t\t\t<div class=\"elementor-widget-container\">\n\t\t\t\t\t\t\t\t\t<h2 data-start=\"2748\" data-end=\"2789\"><span style=\"color: #333399;\"><b>\u00c9changer sur votre projet de formation<\/b><\/span><\/h2><p data-start=\"2791\" data-end=\"2839\"><span style=\"color: #333399;\">Chaque demande commence par un \u00e9change afin de :<\/span><\/p><ul data-start=\"2840\" data-end=\"2960\"><li data-start=\"2840\" data-end=\"2865\"><p data-start=\"2842\" data-end=\"2865\"><span style=\"color: #333399;\">comprendre vos besoins,<\/span><\/p><\/li><li data-start=\"2866\" data-end=\"2906\"><p data-start=\"2868\" data-end=\"2906\"><span style=\"color: #333399;\">valider la pertinence de la formation,<\/span><\/p><\/li><li data-start=\"2907\" data-end=\"2960\"><p data-start=\"2909\" data-end=\"2960\"><span style=\"color: #333399;\">adapter le format et les contenus \u00e0 votre contexte.<\/span><\/p><\/li><\/ul>\t\t\t\t\t\t\t\t<\/div>\n\t\t\t\t<\/div>\n\t\t\t\t\t<\/div>\n\t\t\t\t<\/div>\n\t\t<div class=\"elementor-element elementor-element-949c947 e-flex e-con-boxed e-con e-parent\" data-id=\"949c947\" data-element_type=\"container\" data-e-type=\"container\">\n\t\t\t\t\t<div class=\"e-con-inner\">\n\t\t\t\t<div class=\"elementor-element elementor-element-2a5aeeb elementor-align-center elementor-widget elementor-widget-button\" data-id=\"2a5aeeb\" data-element_type=\"widget\" data-e-type=\"widget\" data-widget_type=\"button.default\">\n\t\t\t\t<div class=\"elementor-widget-container\">\n\t\t\t\t\t\t\t\t\t<div class=\"elementor-button-wrapper\">\n\t\t\t\t\t<a class=\"elementor-button elementor-button-link elementor-size-sm\" href=\"https:\/\/lumiskills.com\/index.php\/contacter-lumiskills\/\">\n\t\t\t\t\t\t<span class=\"elementor-button-content-wrapper\">\n\t\t\t\t\t\t<span class=\"elementor-button-icon\">\n\t\t\t\t<svg aria-hidden=\"true\" class=\"e-font-icon-svg e-far-envelope\" viewBox=\"0 0 512 512\" xmlns=\"http:\/\/www.w3.org\/2000\/svg\"><path d=\"M464 64H48C21.49 64 0 85.49 0 112v288c0 26.51 21.49 48 48 48h416c26.51 0 48-21.49 48-48V112c0-26.51-21.49-48-48-48zm0 48v40.805c-22.422 18.259-58.168 46.651-134.587 106.49-16.841 13.247-50.201 45.072-73.413 44.701-23.208.375-56.579-31.459-73.413-44.701C106.18 199.465 70.425 171.067 48 152.805V112h416zM48 400V214.398c22.914 18.251 55.409 43.862 104.938 82.646 21.857 17.205 60.134 55.186 103.062 54.955 42.717.231 80.509-37.199 103.053-54.947 49.528-38.783 82.032-64.401 104.947-82.653V400H48z\"><\/path><\/svg>\t\t\t<\/span>\n\t\t\t\t\t\t\t\t\t<span class=\"elementor-button-text\">Contact<\/span>\n\t\t\t\t\t<\/span>\n\t\t\t\t\t<\/a>\n\t\t\t\t<\/div>\n\t\t\t\t\t\t\t\t<\/div>\n\t\t\t\t<\/div>\n\t\t\t\t\t<\/div>\n\t\t\t\t<\/div>\n\t\t<div class=\"elementor-element elementor-element-da995d6 e-flex e-con-boxed e-con e-parent\" data-id=\"da995d6\" data-element_type=\"container\" data-e-type=\"container\">\n\t\t\t\t\t<div class=\"e-con-inner\">\n\t\t\t\t\t<\/div>\n\t\t\t\t<\/div>\n\t\t\t\t<\/div>\n\t\t","protected":false},"excerpt":{"rendered":"<p>DISC &amp; Forces Motrices Chez LUMISKILLS, la formation DISC &amp; Forces Motrices est con\u00e7ue comme un levier de compr\u00e9hension et [&hellip;]<\/p>\n","protected":false},"author":1,"featured_media":0,"parent":0,"menu_order":0,"comment_status":"closed","ping_status":"closed","template":"","meta":{"site-sidebar-layout":"default","site-content-layout":"","ast-site-content-layout":"default","site-content-style":"default","site-sidebar-style":"default","ast-global-header-display":"","ast-banner-title-visibility":"","ast-main-header-display":"","ast-hfb-above-header-display":"","ast-hfb-below-header-display":"","ast-hfb-mobile-header-display":"","site-post-title":"disabled","ast-breadcrumbs-content":"","ast-featured-img":"","footer-sml-layout":"","ast-disable-related-posts":"","theme-transparent-header-meta":"","adv-header-id-meta":"","stick-header-meta":"","header-above-stick-meta":"","header-main-stick-meta":"","header-below-stick-meta":"","astra-migrate-meta-layouts":"default","ast-page-background-enabled":"default","ast-page-background-meta":{"desktop":{"background-color":"var(--ast-global-color-5)","background-image":"","background-repeat":"repeat","background-position":"center center","background-size":"auto","background-attachment":"scroll","background-type":"","background-media":"","overlay-type":"","overlay-color":"","overlay-opacity":"","overlay-gradient":""},"tablet":{"background-color":"","background-image":"","background-repeat":"repeat","background-position":"center center","background-size":"auto","background-attachment":"scroll","background-type":"","background-media":"","overlay-type":"","overlay-color":"","overlay-opacity":"","overlay-gradient":""},"mobile":{"background-color":"","background-image":"","background-repeat":"repeat","background-position":"center center","background-size":"auto","background-attachment":"scroll","background-type":"","background-media":"","overlay-type":"","overlay-color":"","overlay-opacity":"","overlay-gradient":""}},"ast-content-background-meta":{"desktop":{"background-color":"var(--ast-global-color-4)","background-image":"","background-repeat":"repeat","background-position":"center center","background-size":"auto","background-attachment":"scroll","background-type":"","background-media":"","overlay-type":"","overlay-color":"","overlay-opacity":"","overlay-gradient":""},"tablet":{"background-color":"var(--ast-global-color-4)","background-image":"","background-repeat":"repeat","background-position":"center center","background-size":"auto","background-attachment":"scroll","background-type":"","background-media":"","overlay-type":"","overlay-color":"","overlay-opacity":"","overlay-gradient":""},"mobile":{"background-color":"var(--ast-global-color-4)","background-image":"","background-repeat":"repeat","background-position":"center center","background-size":"auto","background-attachment":"scroll","background-type":"","background-media":"","overlay-type":"","overlay-color":"","overlay-opacity":"","overlay-gradient":""}},"footnotes":""},"class_list":["post-1578","page","type-page","status-publish","hentry"],"_links":{"self":[{"href":"https:\/\/lumiskills.com\/index.php\/wp-json\/wp\/v2\/pages\/1578","targetHints":{"allow":["GET"]}}],"collection":[{"href":"https:\/\/lumiskills.com\/index.php\/wp-json\/wp\/v2\/pages"}],"about":[{"href":"https:\/\/lumiskills.com\/index.php\/wp-json\/wp\/v2\/types\/page"}],"author":[{"embeddable":true,"href":"https:\/\/lumiskills.com\/index.php\/wp-json\/wp\/v2\/users\/1"}],"replies":[{"embeddable":true,"href":"https:\/\/lumiskills.com\/index.php\/wp-json\/wp\/v2\/comments?post=1578"}],"version-history":[{"count":31,"href":"https:\/\/lumiskills.com\/index.php\/wp-json\/wp\/v2\/pages\/1578\/revisions"}],"predecessor-version":[{"id":1946,"href":"https:\/\/lumiskills.com\/index.php\/wp-json\/wp\/v2\/pages\/1578\/revisions\/1946"}],"wp:attachment":[{"href":"https:\/\/lumiskills.com\/index.php\/wp-json\/wp\/v2\/media?parent=1578"}],"curies":[{"name":"wp","href":"https:\/\/api.w.org\/{rel}","templated":true}]}}