{"id":1570,"date":"2026-01-03T15:06:16","date_gmt":"2026-01-03T14:06:16","guid":{"rendered":"https:\/\/lumiskills.com\/?page_id=1570"},"modified":"2026-04-13T18:21:04","modified_gmt":"2026-04-13T16:21:04","slug":"accompagnement-collectif","status":"publish","type":"page","link":"https:\/\/lumiskills.com\/index.php\/accompagnement-collectif\/","title":{"rendered":"Accompagnement Collectif"},"content":{"rendered":"\t\t<div data-elementor-type=\"wp-page\" data-elementor-id=\"1570\" class=\"elementor elementor-1570\">\n\t\t\t\t<div class=\"elementor-element elementor-element-bb2aa0b e-flex e-con-boxed e-con e-parent\" data-id=\"bb2aa0b\" data-element_type=\"container\" data-e-type=\"container\">\n\t\t\t\t\t<div class=\"e-con-inner\">\n\t\t\t\t<div class=\"elementor-element elementor-element-e718681 elementor-widget__width-initial elementor-widget-tablet__width-initial elementor-widget-mobile__width-initial elementor-widget elementor-widget-heading\" data-id=\"e718681\" data-element_type=\"widget\" data-e-type=\"widget\" data-widget_type=\"heading.default\">\n\t\t\t\t<div class=\"elementor-widget-container\">\n\t\t\t\t\t<h1 class=\"elementor-heading-title elementor-size-default\"><h1 class=\"elementor-heading-title elementor-size-default elementor-inline-editing pen\" data-elementor-setting-key=\"title\" data-pen-placeholder=\"\u00c9crivez ici...\" style=\"font-style: normal\">Quand les difficult\u00e9s rel\u00e8vent<\/h1><h1 class=\"elementor-heading-title elementor-size-default elementor-inline-editing pen\" data-elementor-setting-key=\"title\" data-pen-placeholder=\"\u00c9crivez ici...\" style=\"font-style: normal\">du collectif<\/h1><\/h1>\t\t\t\t<\/div>\n\t\t\t\t<\/div>\n\t\t\t\t<div class=\"elementor-element elementor-element-41a32b3 elementor-widget elementor-widget-image\" data-id=\"41a32b3\" data-element_type=\"widget\" data-e-type=\"widget\" data-widget_type=\"image.default\">\n\t\t\t\t<div class=\"elementor-widget-container\">\n\t\t\t\t\t\t\t\t\t\t\t\t\t\t\t<img fetchpriority=\"high\" decoding=\"async\" width=\"1024\" height=\"726\" src=\"https:\/\/lumiskills.com\/wp-content\/uploads\/2026\/03\/Capture-decran-2026-03-24-a-11.06.28-1024x726.png\" class=\"attachment-large size-large wp-image-1739\" alt=\"\" srcset=\"https:\/\/lumiskills.com\/wp-content\/uploads\/2026\/03\/Capture-decran-2026-03-24-a-11.06.28-1024x726.png 1024w, https:\/\/lumiskills.com\/wp-content\/uploads\/2026\/03\/Capture-decran-2026-03-24-a-11.06.28-300x213.png 300w, https:\/\/lumiskills.com\/wp-content\/uploads\/2026\/03\/Capture-decran-2026-03-24-a-11.06.28-768x545.png 768w, https:\/\/lumiskills.com\/wp-content\/uploads\/2026\/03\/Capture-decran-2026-03-24-a-11.06.28.png 1203w\" sizes=\"(max-width: 1024px) 100vw, 1024px\" \/>\t\t\t\t\t\t\t\t\t\t\t\t\t\t\t<\/div>\n\t\t\t\t<\/div>\n\t\t\t\t\t<\/div>\n\t\t\t\t<\/div>\n\t\t<div class=\"elementor-element elementor-element-2d1c437 e-flex e-con-boxed e-con e-parent\" data-id=\"2d1c437\" data-element_type=\"container\" data-e-type=\"container\">\n\t\t\t\t\t<div class=\"e-con-inner\">\n\t\t\t\t<div class=\"elementor-element elementor-element-aa699ee elementor-widget elementor-widget-text-editor\" data-id=\"aa699ee\" data-element_type=\"widget\" data-e-type=\"widget\" data-widget_type=\"text-editor.default\">\n\t\t\t\t<div class=\"elementor-widget-container\">\n\t\t\t\t\t\t\t\t\t<p><span style=\"color: #333399;\">\u00a0<strong>L\u2019accompagnement collectif s\u2019adresse aux \u00e9quipes confront\u00e9es \u00e0 des tensions, des incompr\u00e9hensions, des blocages relationnels durables ou des bouleversements dans leur fonctionnement.<\/strong><\/span><br data-start=\"482\" data-end=\"485\" \/><span style=\"color: #333399;\"><strong>Quand les difficult\u00e9s ne peuvent plus \u00eatre trait\u00e9es individuellement, mais n\u00e9cessitent un travail sur les interactions, les r\u00f4les et le cadre commun.<\/strong><\/span><\/p><p data-start=\"640\" data-end=\"799\"><span style=\"color: #333399;\">Ce n\u2019est ni une formation g\u00e9n\u00e9rique, ni un coaching individuel transpos\u00e9 au groupe.<\/span><br data-start=\"723\" data-end=\"726\" \/><span style=\"color: #333399;\">C\u2019est un accompagnement cibl\u00e9 sur\u00a0<strong data-start=\"760\" data-end=\"798\">ce qui se joue entre les personnes<\/strong>.<\/span><\/p>\t\t\t\t\t\t\t\t<\/div>\n\t\t\t\t<\/div>\n\t\t\t\t\t<\/div>\n\t\t\t\t<\/div>\n\t\t<div class=\"elementor-element elementor-element-93852e7 e-flex e-con-boxed e-con e-parent\" data-id=\"93852e7\" data-element_type=\"container\" data-e-type=\"container\">\n\t\t\t\t\t<div class=\"e-con-inner\">\n\t\t\t\t<div class=\"elementor-element elementor-element-efd1f57 elementor-widget elementor-widget-heading\" data-id=\"efd1f57\" data-element_type=\"widget\" data-e-type=\"widget\" data-widget_type=\"heading.default\">\n\t\t\t\t<div class=\"elementor-widget-container\">\n\t\t\t\t\t<h1 class=\"elementor-heading-title elementor-size-default\">Objectifs<\/h1>\t\t\t\t<\/div>\n\t\t\t\t<\/div>\n\t\t\t\t\t<\/div>\n\t\t\t\t<\/div>\n\t\t<div class=\"elementor-element elementor-element-1ebfec7 e-grid e-con-boxed e-con e-parent\" data-id=\"1ebfec7\" data-element_type=\"container\" data-e-type=\"container\">\n\t\t\t\t\t<div class=\"e-con-inner\">\n\t\t\t\t<div class=\"elementor-element elementor-element-bcf84aa elementor-widget elementor-widget-text-editor\" data-id=\"bcf84aa\" data-element_type=\"widget\" data-e-type=\"widget\" data-widget_type=\"text-editor.default\">\n\t\t\t\t<div class=\"elementor-widget-container\">\n\t\t\t\t\t\t\t\t\t<p data-start=\"844\" data-end=\"858\"><span style=\"color: #333399;\">Le coaching d&rsquo;\u00e9quipe permet de :<\/span><\/p><ul data-start=\"859\" data-end=\"1063\"><li data-start=\"859\" data-end=\"911\"><p data-start=\"861\" data-end=\"911\"><span style=\"color: #333399;\">clarifier les modes de fonctionnement de l\u2019\u00e9quipe,<\/span><\/p><\/li><li data-start=\"912\" data-end=\"980\"><p data-start=\"914\" data-end=\"980\"><span style=\"color: #333399;\">mettre en lumi\u00e8re les incompr\u00e9hensions et les tensions existantes,<\/span><\/p><\/li><li data-start=\"981\" data-end=\"1022\"><p data-start=\"983\" data-end=\"1022\"><span style=\"color: #333399;\">ajuster les pratiques de communication,<\/span><\/p><\/li><li data-start=\"1023\" data-end=\"1063\"><p data-start=\"1025\" data-end=\"1063\"><span style=\"color: #333399;\">renforcer la coop\u00e9ration au quotidien,<\/span><\/p><\/li><li data-start=\"1023\" data-end=\"1063\"><p data-start=\"1025\" data-end=\"1063\"><span style=\"color: #333399;\">accompagner le changement<\/span><\/p><\/li><\/ul><p data-start=\"1065\" data-end=\"1167\"><span style=\"color: #333399;\">L\u2019objectif est d\u2019obtenir des <strong data-start=\"1094\" data-end=\"1133\">changements concrets et observables<\/strong> dans le fonctionnement collectif.<\/span><\/p>\t\t\t\t\t\t\t\t<\/div>\n\t\t\t\t<\/div>\n\t\t\t\t\t<\/div>\n\t\t\t\t<\/div>\n\t\t<div class=\"elementor-element elementor-element-bbb0c27 e-flex e-con-boxed e-con e-parent\" data-id=\"bbb0c27\" data-element_type=\"container\" data-e-type=\"container\">\n\t\t\t\t\t<div class=\"e-con-inner\">\n\t\t\t\t<div class=\"elementor-element elementor-element-3441556 elementor-widget elementor-widget-heading\" data-id=\"3441556\" data-element_type=\"widget\" data-e-type=\"widget\" data-widget_type=\"heading.default\">\n\t\t\t\t<div class=\"elementor-widget-container\">\n\t\t\t\t\t<h1 class=\"elementor-heading-title elementor-size-default\">Quand ?<\/h1>\t\t\t\t<\/div>\n\t\t\t\t<\/div>\n\t\t\t\t\t<\/div>\n\t\t\t\t<\/div>\n\t\t<div class=\"elementor-element elementor-element-a77de2a e-flex e-con-boxed e-con e-parent\" data-id=\"a77de2a\" data-element_type=\"container\" data-e-type=\"container\">\n\t\t\t\t\t<div class=\"e-con-inner\">\n\t\t\t\t<div class=\"elementor-element elementor-element-6fb916f elementor-widget elementor-widget-text-editor\" data-id=\"6fb916f\" data-element_type=\"widget\" data-e-type=\"widget\" data-widget_type=\"text-editor.default\">\n\t\t\t\t<div class=\"elementor-widget-container\">\n\t\t\t\t\t\t\t\t\t<h3 data-start=\"1174\" data-end=\"1203\"><span style=\"font-size: 16px; font-style: inherit; font-weight: inherit; font-family: -apple-system, BlinkMacSystemFont, 'Segoe UI', Roboto, Oxygen-Sans, Ubuntu, Cantarell, 'Helvetica Neue', sans-serif; color: #333399;\">Cet accompagnement est pertinent lorsque :<\/span><\/h3><ul data-start=\"1248\" data-end=\"1431\"><li data-start=\"1248\" data-end=\"1287\"><p data-start=\"1250\" data-end=\"1287\"><span style=\"color: #333399;\">les tensions ou non-dits se r\u00e9p\u00e8tent,<\/span><\/p><\/li><li data-start=\"1288\" data-end=\"1335\"><p data-start=\"1290\" data-end=\"1335\"><span style=\"color: #333399;\">la communication devient floue ou inefficace,<\/span><\/p><\/li><li data-start=\"1336\" data-end=\"1367\"><p data-start=\"1338\" data-end=\"1367\"><span style=\"color: #333399;\">les r\u00f4les manquent de clart\u00e9,<\/span><\/p><\/li><li data-start=\"1368\" data-end=\"1431\"><p data-start=\"1370\" data-end=\"1431\"><span style=\"color: #333399;\">une \u00e9quipe traverse une transformation ou une r\u00e9organisation.<\/span><\/p><\/li><\/ul>\t\t\t\t\t\t\t\t<\/div>\n\t\t\t\t<\/div>\n\t\t\t\t\t<\/div>\n\t\t\t\t<\/div>\n\t\t<div class=\"elementor-element elementor-element-08d48dd e-flex e-con-boxed e-con e-parent\" data-id=\"08d48dd\" data-element_type=\"container\" data-e-type=\"container\">\n\t\t\t\t\t<div class=\"e-con-inner\">\n\t\t\t\t<div class=\"elementor-element elementor-element-ecf9206 elementor-widget elementor-widget-heading\" data-id=\"ecf9206\" data-element_type=\"widget\" data-e-type=\"widget\" data-widget_type=\"heading.default\">\n\t\t\t\t<div class=\"elementor-widget-container\">\n\t\t\t\t\t<h1 class=\"elementor-heading-title elementor-size-default\">Approche sur mesure<\/h1>\t\t\t\t<\/div>\n\t\t\t\t<\/div>\n\t\t\t\t\t<\/div>\n\t\t\t\t<\/div>\n\t\t<div class=\"elementor-element elementor-element-d2e0ccb e-flex e-con-boxed e-con e-parent\" data-id=\"d2e0ccb\" data-element_type=\"container\" data-e-type=\"container\">\n\t\t\t\t\t<div class=\"e-con-inner\">\n\t\t\t\t<div class=\"elementor-element elementor-element-77c7940 elementor-widget elementor-widget-text-editor\" data-id=\"77c7940\" data-element_type=\"widget\" data-e-type=\"widget\" data-widget_type=\"text-editor.default\">\n\t\t\t\t<div class=\"elementor-widget-container\">\n\t\t\t\t\t\t\t\t\t<h3 data-start=\"1438\" data-end=\"1465\"><span style=\"font-size: 16px; font-style: inherit; font-weight: inherit; font-family: -apple-system, BlinkMacSystemFont, 'Segoe UI', Roboto, Oxygen-Sans, Ubuntu, Cantarell, 'Helvetica Neue', sans-serif; color: #333399;\">Chaque accompagnement est construit \u00e0 partir du contexte r\u00e9el de l\u2019organisation.<\/span><\/h3><p data-start=\"1467\" data-end=\"1729\"><span style=\"color: #333399;\">Selon les besoins, il peut int\u00e9grer des temps collectifs cadr\u00e9s, des apports structurants sur la communication et des outils de lecture des comportements (DISC &amp; Forces Motrices, Drivers, Quadrant d&rsquo;Ofman, PNL, Indice de Coh\u00e9sion d&rsquo;Equipe).<\/span><\/p>\t\t\t\t\t\t\t\t<\/div>\n\t\t\t\t<\/div>\n\t\t\t\t\t<\/div>\n\t\t\t\t<\/div>\n\t\t<div class=\"elementor-element elementor-element-4c39696 e-flex e-con-boxed e-con e-parent\" data-id=\"4c39696\" data-element_type=\"container\" data-e-type=\"container\">\n\t\t\t\t\t<div class=\"e-con-inner\">\n\t\t\t\t<div class=\"elementor-element elementor-element-0ab6a29 elementor-widget elementor-widget-heading\" data-id=\"0ab6a29\" data-element_type=\"widget\" data-e-type=\"widget\" data-widget_type=\"heading.default\">\n\t\t\t\t<div class=\"elementor-widget-container\">\n\t\t\t\t\t<h1 class=\"elementor-heading-title elementor-size-default\">Poser le cadre avant d\u2019agir<\/h1>\t\t\t\t<\/div>\n\t\t\t\t<\/div>\n\t\t\t\t\t<\/div>\n\t\t\t\t<\/div>\n\t\t<div class=\"elementor-element elementor-element-bd03735 e-grid e-con-boxed e-con e-parent\" data-id=\"bd03735\" data-element_type=\"container\" data-e-type=\"container\">\n\t\t\t\t\t<div class=\"e-con-inner\">\n\t\t\t\t<div class=\"elementor-element elementor-element-9ccf291 elementor-widget elementor-widget-text-editor\" data-id=\"9ccf291\" data-element_type=\"widget\" data-e-type=\"widget\" data-widget_type=\"text-editor.default\">\n\t\t\t\t<div class=\"elementor-widget-container\">\n\t\t\t\t\t\t\t\t\t<p data-start=\"1769\" data-end=\"1885\"><span style=\"color: #333399;\">L\u2019accompagnement collectif commence par un \u00e9change pour comprendre la situation et v\u00e9rifier la pertinence du format.<\/span><\/p>\t\t\t\t\t\t\t\t<\/div>\n\t\t\t\t<\/div>\n\t\t\t\t\t<\/div>\n\t\t\t\t<\/div>\n\t\t<div class=\"elementor-element elementor-element-7a07f65 e-flex e-con-boxed e-con e-parent\" data-id=\"7a07f65\" data-element_type=\"container\" data-e-type=\"container\">\n\t\t\t\t\t<div class=\"e-con-inner\">\n\t\t\t\t<div class=\"elementor-element elementor-element-441b89e elementor-align-center elementor-widget elementor-widget-button\" data-id=\"441b89e\" data-element_type=\"widget\" data-e-type=\"widget\" data-widget_type=\"button.default\">\n\t\t\t\t<div class=\"elementor-widget-container\">\n\t\t\t\t\t\t\t\t\t<div class=\"elementor-button-wrapper\">\n\t\t\t\t\t<a class=\"elementor-button elementor-button-link elementor-size-sm\" href=\"https:\/\/lumiskills.com\/index.php\/contacter-lumiskills\/\">\n\t\t\t\t\t\t<span class=\"elementor-button-content-wrapper\">\n\t\t\t\t\t\t<span class=\"elementor-button-icon\">\n\t\t\t\t<svg aria-hidden=\"true\" class=\"e-font-icon-svg e-far-envelope\" viewBox=\"0 0 512 512\" xmlns=\"http:\/\/www.w3.org\/2000\/svg\"><path d=\"M464 64H48C21.49 64 0 85.49 0 112v288c0 26.51 21.49 48 48 48h416c26.51 0 48-21.49 48-48V112c0-26.51-21.49-48-48-48zm0 48v40.805c-22.422 18.259-58.168 46.651-134.587 106.49-16.841 13.247-50.201 45.072-73.413 44.701-23.208.375-56.579-31.459-73.413-44.701C106.18 199.465 70.425 171.067 48 152.805V112h416zM48 400V214.398c22.914 18.251 55.409 43.862 104.938 82.646 21.857 17.205 60.134 55.186 103.062 54.955 42.717.231 80.509-37.199 103.053-54.947 49.528-38.783 82.032-64.401 104.947-82.653V400H48z\"><\/path><\/svg>\t\t\t<\/span>\n\t\t\t\t\t\t\t\t\t<span class=\"elementor-button-text\">Contact<\/span>\n\t\t\t\t\t<\/span>\n\t\t\t\t\t<\/a>\n\t\t\t\t<\/div>\n\t\t\t\t\t\t\t\t<\/div>\n\t\t\t\t<\/div>\n\t\t\t\t\t<\/div>\n\t\t\t\t<\/div>\n\t\t\t\t<\/div>\n\t\t","protected":false},"excerpt":{"rendered":"<p>Quand les difficult\u00e9s rel\u00e8vent du collectif \u00a0L\u2019accompagnement collectif s\u2019adresse aux \u00e9quipes confront\u00e9es \u00e0 des tensions, des incompr\u00e9hensions, des blocages relationnels [&hellip;]<\/p>\n","protected":false},"author":1,"featured_media":0,"parent":0,"menu_order":0,"comment_status":"closed","ping_status":"closed","template":"","meta":{"site-sidebar-layout":"default","site-content-layout":"","ast-site-content-layout":"default","site-content-style":"default","site-sidebar-style":"default","ast-global-header-display":"","ast-banner-title-visibility":"","ast-main-header-display":"","ast-hfb-above-header-display":"","ast-hfb-below-header-display":"","ast-hfb-mobile-header-display":"","site-post-title":"disabled","ast-breadcrumbs-content":"","ast-featured-img":"","footer-sml-layout":"","ast-disable-related-posts":"","theme-transparent-header-meta":"","adv-header-id-meta":"","stick-header-meta":"","header-above-stick-meta":"","header-main-stick-meta":"","header-below-stick-meta":"","astra-migrate-meta-layouts":"default","ast-page-background-enabled":"default","ast-page-background-meta":{"desktop":{"background-color":"var(--ast-global-color-5)","background-image":"","background-repeat":"repeat","background-position":"center center","background-size":"auto","background-attachment":"scroll","background-type":"","background-media":"","overlay-type":"","overlay-color":"","overlay-opacity":"","overlay-gradient":""},"tablet":{"background-color":"","background-image":"","background-repeat":"repeat","background-position":"center center","background-size":"auto","background-attachment":"scroll","background-type":"","background-media":"","overlay-type":"","overlay-color":"","overlay-opacity":"","overlay-gradient":""},"mobile":{"background-color":"","background-image":"","background-repeat":"repeat","background-position":"center center","background-size":"auto","background-attachment":"scroll","background-type":"","background-media":"","overlay-type":"","overlay-color":"","overlay-opacity":"","overlay-gradient":""}},"ast-content-background-meta":{"desktop":{"background-color":"var(--ast-global-color-4)","background-image":"","background-repeat":"repeat","background-position":"center center","background-size":"auto","background-attachment":"scroll","background-type":"","background-media":"","overlay-type":"","overlay-color":"","overlay-opacity":"","overlay-gradient":""},"tablet":{"background-color":"var(--ast-global-color-4)","background-image":"","background-repeat":"repeat","background-position":"center center","background-size":"auto","background-attachment":"scroll","background-type":"","background-media":"","overlay-type":"","overlay-color":"","overlay-opacity":"","overlay-gradient":""},"mobile":{"background-color":"var(--ast-global-color-4)","background-image":"","background-repeat":"repeat","background-position":"center center","background-size":"auto","background-attachment":"scroll","background-type":"","background-media":"","overlay-type":"","overlay-color":"","overlay-opacity":"","overlay-gradient":""}},"footnotes":""},"class_list":["post-1570","page","type-page","status-publish","hentry"],"_links":{"self":[{"href":"https:\/\/lumiskills.com\/index.php\/wp-json\/wp\/v2\/pages\/1570","targetHints":{"allow":["GET"]}}],"collection":[{"href":"https:\/\/lumiskills.com\/index.php\/wp-json\/wp\/v2\/pages"}],"about":[{"href":"https:\/\/lumiskills.com\/index.php\/wp-json\/wp\/v2\/types\/page"}],"author":[{"embeddable":true,"href":"https:\/\/lumiskills.com\/index.php\/wp-json\/wp\/v2\/users\/1"}],"replies":[{"embeddable":true,"href":"https:\/\/lumiskills.com\/index.php\/wp-json\/wp\/v2\/comments?post=1570"}],"version-history":[{"count":68,"href":"https:\/\/lumiskills.com\/index.php\/wp-json\/wp\/v2\/pages\/1570\/revisions"}],"predecessor-version":[{"id":1959,"href":"https:\/\/lumiskills.com\/index.php\/wp-json\/wp\/v2\/pages\/1570\/revisions\/1959"}],"wp:attachment":[{"href":"https:\/\/lumiskills.com\/index.php\/wp-json\/wp\/v2\/media?parent=1570"}],"curies":[{"name":"wp","href":"https:\/\/api.w.org\/{rel}","templated":true}]}}