{"id":1220,"date":"2025-02-03T14:36:52","date_gmt":"2025-02-03T13:36:52","guid":{"rendered":"https:\/\/lumiskills.com\/?page_id=1220"},"modified":"2026-04-13T18:10:55","modified_gmt":"2026-04-13T16:10:55","slug":"accompagnement-individuel","status":"publish","type":"page","link":"https:\/\/lumiskills.com\/index.php\/accompagnement-individuel\/","title":{"rendered":"Accompagnement Individuel"},"content":{"rendered":"\t\t<div data-elementor-type=\"wp-page\" data-elementor-id=\"1220\" class=\"elementor elementor-1220\">\n\t\t\t\t<div class=\"elementor-element elementor-element-30a72a6 e-flex e-con-boxed e-con e-parent\" data-id=\"30a72a6\" data-element_type=\"container\" data-e-type=\"container\">\n\t\t\t\t\t<div class=\"e-con-inner\">\n\t\t\t\t<div class=\"elementor-element elementor-element-c3220ee elementor-widget elementor-widget-heading\" data-id=\"c3220ee\" data-element_type=\"widget\" data-e-type=\"widget\" data-widget_type=\"heading.default\">\n\t\t\t\t<div class=\"elementor-widget-container\">\n\t\t\t\t\t<h1 class=\"elementor-heading-title elementor-size-default\">Coaching Individuel<\/h1>\t\t\t\t<\/div>\n\t\t\t\t<\/div>\n\t\t\t\t<div class=\"elementor-element elementor-element-b9aff4c elementor-widget elementor-widget-image\" data-id=\"b9aff4c\" data-element_type=\"widget\" data-e-type=\"widget\" data-widget_type=\"image.default\">\n\t\t\t\t<div class=\"elementor-widget-container\">\n\t\t\t\t\t\t\t\t\t\t\t\t\t\t\t<img fetchpriority=\"high\" decoding=\"async\" width=\"1024\" height=\"752\" src=\"https:\/\/lumiskills.com\/wp-content\/uploads\/2026\/03\/Capture-decran-2026-03-24-a-11.04.21-1-1024x752.png\" class=\"attachment-large size-large wp-image-1740\" alt=\"\" srcset=\"https:\/\/lumiskills.com\/wp-content\/uploads\/2026\/03\/Capture-decran-2026-03-24-a-11.04.21-1-1024x752.png 1024w, https:\/\/lumiskills.com\/wp-content\/uploads\/2026\/03\/Capture-decran-2026-03-24-a-11.04.21-1-300x220.png 300w, https:\/\/lumiskills.com\/wp-content\/uploads\/2026\/03\/Capture-decran-2026-03-24-a-11.04.21-1-768x564.png 768w, https:\/\/lumiskills.com\/wp-content\/uploads\/2026\/03\/Capture-decran-2026-03-24-a-11.04.21-1.png 1162w\" sizes=\"(max-width: 1024px) 100vw, 1024px\" \/>\t\t\t\t\t\t\t\t\t\t\t\t\t\t\t<\/div>\n\t\t\t\t<\/div>\n\t\t\t\t\t<\/div>\n\t\t\t\t<\/div>\n\t\t<div class=\"elementor-element elementor-element-c8c2614 e-flex e-con-boxed e-con e-parent\" data-id=\"c8c2614\" data-element_type=\"container\" data-e-type=\"container\">\n\t\t\t\t\t<div class=\"e-con-inner\">\n\t\t\t\t<div class=\"elementor-element elementor-element-5cad65d elementor-widget elementor-widget-text-editor\" data-id=\"5cad65d\" data-element_type=\"widget\" data-e-type=\"widget\" data-widget_type=\"text-editor.default\">\n\t\t\t\t<div class=\"elementor-widget-container\">\n\t\t\t\t\t\t\t\t\t<p style=\"text-align: center;\"><span style=\"color: #333399;\"><strong>Quand prendre du recul devient n\u00e9cessaire pour avancer autrement.<\/strong><\/span><\/p><p style=\"text-align: center;\"><span style=\"color: #333399;\"><strong>Un accompagnement individuel peut clarifier une posture, comprendre ce qui se joue dans les interactions,\u00a0<\/strong><strong style=\"font-style: inherit; font-family: -apple-system, BlinkMacSystemFont, 'Segoe UI', Roboto, Oxygen-Sans, Ubuntu, Cantarell, 'Helvetica Neue', sans-serif;\">retrouver des marges de man\u0153uvre concr\u00e8tes et accompagner les talents de l&rsquo;entreprise.<\/strong><\/span><\/p>\t\t\t\t\t\t\t\t<\/div>\n\t\t\t\t<\/div>\n\t\t\t\t\t<\/div>\n\t\t\t\t<\/div>\n\t\t<div class=\"elementor-element elementor-element-8bd9958 e-flex e-con-boxed e-con e-parent\" data-id=\"8bd9958\" data-element_type=\"container\" data-e-type=\"container\">\n\t\t\t\t\t<div class=\"e-con-inner\">\n\t\t\t\t<div class=\"elementor-element elementor-element-c7c338a elementor-widget elementor-widget-heading\" data-id=\"c7c338a\" data-element_type=\"widget\" data-e-type=\"widget\" data-widget_type=\"heading.default\">\n\t\t\t\t<div class=\"elementor-widget-container\">\n\t\t\t\t\t<h1 class=\"elementor-heading-title elementor-size-default\">A quoi \u00e7a sert ?<\/h1>\t\t\t\t<\/div>\n\t\t\t\t<\/div>\n\t\t\t\t\t<\/div>\n\t\t\t\t<\/div>\n\t\t<div class=\"elementor-element elementor-element-985cb5c e-flex e-con-boxed e-con e-parent\" data-id=\"985cb5c\" data-element_type=\"container\" data-e-type=\"container\">\n\t\t\t\t\t<div class=\"e-con-inner\">\n\t\t\t\t<div class=\"elementor-element elementor-element-6e92eba elementor-widget elementor-widget-text-editor\" data-id=\"6e92eba\" data-element_type=\"widget\" data-e-type=\"widget\" data-widget_type=\"text-editor.default\">\n\t\t\t\t<div class=\"elementor-widget-container\">\n\t\t\t\t\t\t\t\t\t<p><span style=\"color: #333399;\"><span style=\"font-style: inherit; font-weight: inherit; font-family: -apple-system, BlinkMacSystemFont, 'Segoe UI', Roboto, Oxygen-Sans, Ubuntu, Cantarell, 'Helvetica Neue', sans-serif;\">L\u2019accompagnement individuel s\u2019adresse aux moments o\u00f9 les r\u00e9ponses toutes faites ne suffisent plus. <\/span>Quand une situation professionnelle devient floue, pesante ou bloqu\u00e9e, prendre du recul seul ne fonctionne plus.<\/span><\/p><p data-start=\"3083\" data-end=\"3123\"><span style=\"color: #333399;\"><b>Cet accompagnement permet notamment de :<\/b><\/span><\/p><ul><li data-start=\"3126\" data-end=\"3176\"><p><span style=\"color: #333399;\">clarifier une situation complexe ou inconfortable,<\/span><\/p><\/li><li data-start=\"3126\" data-end=\"3176\"><p><span style=\"color: #333399;\">ajuster sa posture dans un r\u00f4le ou une fonction,<\/span><\/p><\/li><li data-start=\"3126\" data-end=\"3176\"><p><span style=\"color: #333399;\">comprendre ses modes de fonctionnement et leurs impacts,<\/span><\/p><\/li><li data-start=\"3126\" data-end=\"3176\"><p><span style=\"color: #333399;\">sortir de sch\u00e9mas relationnels r\u00e9p\u00e9titifs,<\/span><\/p><\/li><li data-start=\"3126\" data-end=\"3176\"><p><span style=\"color: #333399;\">prendre des d\u00e9cisions plus align\u00e9es et assum\u00e9es<\/span><\/p><\/li><\/ul>\t\t\t\t\t\t\t\t<\/div>\n\t\t\t\t<\/div>\n\t\t\t\t\t<\/div>\n\t\t\t\t<\/div>\n\t\t<div class=\"elementor-element elementor-element-8b9cd2c e-flex e-con-boxed e-con e-parent\" data-id=\"8b9cd2c\" data-element_type=\"container\" data-e-type=\"container\">\n\t\t\t\t\t<div class=\"e-con-inner\">\n\t\t\t\t<div class=\"elementor-element elementor-element-c7980df elementor-widget elementor-widget-heading\" data-id=\"c7980df\" data-element_type=\"widget\" data-e-type=\"widget\" data-widget_type=\"heading.default\">\n\t\t\t\t<div class=\"elementor-widget-container\">\n\t\t\t\t\t<h1 class=\"elementor-heading-title elementor-size-default\">Pour qui ?<\/h1>\t\t\t\t<\/div>\n\t\t\t\t<\/div>\n\t\t\t\t\t<\/div>\n\t\t\t\t<\/div>\n\t\t<div class=\"elementor-element elementor-element-4cb94c5 e-flex e-con-boxed e-con e-parent\" data-id=\"4cb94c5\" data-element_type=\"container\" data-e-type=\"container\">\n\t\t\t\t\t<div class=\"e-con-inner\">\n\t\t\t\t<div class=\"elementor-element elementor-element-bb63e1b elementor-widget elementor-widget-text-editor\" data-id=\"bb63e1b\" data-element_type=\"widget\" data-e-type=\"widget\" data-widget_type=\"text-editor.default\">\n\t\t\t\t<div class=\"elementor-widget-container\">\n\t\t\t\t\t\t\t\t\t<p><span style=\"color: #333399;\"><strong data-start=\"3558\" data-end=\"3599\">Cet accompagnement est pertinent si :<\/strong><\/span><\/p><ul><li><span style=\"color: #333399;\">vous ressentez un d\u00e9calage entre ce que vous faites et ce que vous vivez,<\/span><\/li><li><span style=\"color: #333399;\">une situation professionnelle vous met sous tension ou vous fait douter,<\/span><\/li><li><span style=\"color: #333399;\">vous prenez une nouvelle fonction ou traversez une transition,<\/span><\/li><li><span style=\"color: #333399;\">vous avez besoin d\u2019un espace neutre pour r\u00e9fl\u00e9chir sans injonctions,<\/span><\/li><li><span style=\"color: #333399;\">votre entreprise souhaite accompagner un collaborateur \u00e0 un moment cl\u00e9 de son parcours.<\/span><\/li><\/ul>\t\t\t\t\t\t\t\t<\/div>\n\t\t\t\t<\/div>\n\t\t\t\t<div class=\"elementor-element elementor-element-f24e79f elementor-align-center elementor-widget elementor-widget-button\" data-id=\"f24e79f\" data-element_type=\"widget\" data-e-type=\"widget\" data-widget_type=\"button.default\">\n\t\t\t\t<div class=\"elementor-widget-container\">\n\t\t\t\t\t\t\t\t\t<div class=\"elementor-button-wrapper\">\n\t\t\t\t\t<a class=\"elementor-button elementor-button-link elementor-size-sm\" href=\"https:\/\/calendly.com\/carole-lopez-lumiskills\/30min\" target=\"_blank\">\n\t\t\t\t\t\t<span class=\"elementor-button-content-wrapper\">\n\t\t\t\t\t\t<span class=\"elementor-button-icon\">\n\t\t\t\t<svg aria-hidden=\"true\" class=\"e-font-icon-svg e-far-calendar-alt\" viewBox=\"0 0 448 512\" xmlns=\"http:\/\/www.w3.org\/2000\/svg\"><path d=\"M148 288h-40c-6.6 0-12-5.4-12-12v-40c0-6.6 5.4-12 12-12h40c6.6 0 12 5.4 12 12v40c0 6.6-5.4 12-12 12zm108-12v-40c0-6.6-5.4-12-12-12h-40c-6.6 0-12 5.4-12 12v40c0 6.6 5.4 12 12 12h40c6.6 0 12-5.4 12-12zm96 0v-40c0-6.6-5.4-12-12-12h-40c-6.6 0-12 5.4-12 12v40c0 6.6 5.4 12 12 12h40c6.6 0 12-5.4 12-12zm-96 96v-40c0-6.6-5.4-12-12-12h-40c-6.6 0-12 5.4-12 12v40c0 6.6 5.4 12 12 12h40c6.6 0 12-5.4 12-12zm-96 0v-40c0-6.6-5.4-12-12-12h-40c-6.6 0-12 5.4-12 12v40c0 6.6 5.4 12 12 12h40c6.6 0 12-5.4 12-12zm192 0v-40c0-6.6-5.4-12-12-12h-40c-6.6 0-12 5.4-12 12v40c0 6.6 5.4 12 12 12h40c6.6 0 12-5.4 12-12zm96-260v352c0 26.5-21.5 48-48 48H48c-26.5 0-48-21.5-48-48V112c0-26.5 21.5-48 48-48h48V12c0-6.6 5.4-12 12-12h40c6.6 0 12 5.4 12 12v52h128V12c0-6.6 5.4-12 12-12h40c6.6 0 12 5.4 12 12v52h48c26.5 0 48 21.5 48 48zm-48 346V160H48v298c0 3.3 2.7 6 6 6h340c3.3 0 6-2.7 6-6z\"><\/path><\/svg>\t\t\t<\/span>\n\t\t\t\t\t\t\t\t\t<span class=\"elementor-button-text\">Prenons quelques minutes pour en parler<\/span>\n\t\t\t\t\t<\/span>\n\t\t\t\t\t<\/a>\n\t\t\t\t<\/div>\n\t\t\t\t\t\t\t\t<\/div>\n\t\t\t\t<\/div>\n\t\t\t\t\t<\/div>\n\t\t\t\t<\/div>\n\t\t\t\t<\/div>\n\t\t","protected":false},"excerpt":{"rendered":"<p>B\u00e9n\u00e9ficiez d&rsquo;un coaching individuel personnalis\u00e9 pour d\u00e9velopper votre leadership et atteindre vos objectifs professionnels.<\/p>\n","protected":false},"author":1,"featured_media":0,"parent":0,"menu_order":0,"comment_status":"closed","ping_status":"closed","template":"","meta":{"site-sidebar-layout":"default","site-content-layout":"","ast-site-content-layout":"default","site-content-style":"default","site-sidebar-style":"default","ast-global-header-display":"","ast-banner-title-visibility":"","ast-main-header-display":"","ast-hfb-above-header-display":"","ast-hfb-below-header-display":"","ast-hfb-mobile-header-display":"","site-post-title":"disabled","ast-breadcrumbs-content":"","ast-featured-img":"","footer-sml-layout":"","ast-disable-related-posts":"","theme-transparent-header-meta":"","adv-header-id-meta":"","stick-header-meta":"","header-above-stick-meta":"","header-main-stick-meta":"","header-below-stick-meta":"","astra-migrate-meta-layouts":"default","ast-page-background-enabled":"default","ast-page-background-meta":{"desktop":{"background-color":"var(--ast-global-color-5)","background-image":"","background-repeat":"repeat","background-position":"center center","background-size":"auto","background-attachment":"scroll","background-type":"","background-media":"","overlay-type":"","overlay-color":"","overlay-opacity":"","overlay-gradient":""},"tablet":{"background-color":"","background-image":"","background-repeat":"repeat","background-position":"center center","background-size":"auto","background-attachment":"scroll","background-type":"","background-media":"","overlay-type":"","overlay-color":"","overlay-opacity":"","overlay-gradient":""},"mobile":{"background-color":"","background-image":"","background-repeat":"repeat","background-position":"center center","background-size":"auto","background-attachment":"scroll","background-type":"","background-media":"","overlay-type":"","overlay-color":"","overlay-opacity":"","overlay-gradient":""}},"ast-content-background-meta":{"desktop":{"background-color":"var(--ast-global-color-4)","background-image":"","background-repeat":"repeat","background-position":"center center","background-size":"auto","background-attachment":"scroll","background-type":"","background-media":"","overlay-type":"","overlay-color":"","overlay-opacity":"","overlay-gradient":""},"tablet":{"background-color":"var(--ast-global-color-4)","background-image":"","background-repeat":"repeat","background-position":"center center","background-size":"auto","background-attachment":"scroll","background-type":"","background-media":"","overlay-type":"","overlay-color":"","overlay-opacity":"","overlay-gradient":""},"mobile":{"background-color":"var(--ast-global-color-4)","background-image":"","background-repeat":"repeat","background-position":"center center","background-size":"auto","background-attachment":"scroll","background-type":"","background-media":"","overlay-type":"","overlay-color":"","overlay-opacity":"","overlay-gradient":""}},"footnotes":""},"class_list":["post-1220","page","type-page","status-publish","hentry"],"_links":{"self":[{"href":"https:\/\/lumiskills.com\/index.php\/wp-json\/wp\/v2\/pages\/1220","targetHints":{"allow":["GET"]}}],"collection":[{"href":"https:\/\/lumiskills.com\/index.php\/wp-json\/wp\/v2\/pages"}],"about":[{"href":"https:\/\/lumiskills.com\/index.php\/wp-json\/wp\/v2\/types\/page"}],"author":[{"embeddable":true,"href":"https:\/\/lumiskills.com\/index.php\/wp-json\/wp\/v2\/users\/1"}],"replies":[{"embeddable":true,"href":"https:\/\/lumiskills.com\/index.php\/wp-json\/wp\/v2\/comments?post=1220"}],"version-history":[{"count":65,"href":"https:\/\/lumiskills.com\/index.php\/wp-json\/wp\/v2\/pages\/1220\/revisions"}],"predecessor-version":[{"id":1940,"href":"https:\/\/lumiskills.com\/index.php\/wp-json\/wp\/v2\/pages\/1220\/revisions\/1940"}],"wp:attachment":[{"href":"https:\/\/lumiskills.com\/index.php\/wp-json\/wp\/v2\/media?parent=1220"}],"curies":[{"name":"wp","href":"https:\/\/api.w.org\/{rel}","templated":true}]}}