{"id":1209,"date":"2025-02-03T14:31:29","date_gmt":"2025-02-03T13:31:29","guid":{"rendered":"https:\/\/lumiskills.com\/?page_id=1209"},"modified":"2026-01-03T15:56:06","modified_gmt":"2026-01-03T14:56:06","slug":"masterclass","status":"publish","type":"page","link":"https:\/\/lumiskills.com\/index.php\/masterclass\/","title":{"rendered":"Masterclass"},"content":{"rendered":"\t\t<div data-elementor-type=\"wp-page\" data-elementor-id=\"1209\" class=\"elementor elementor-1209\">\n\t\t\t\t<div class=\"elementor-element elementor-element-77eed0a e-grid e-con-boxed e-con e-parent\" data-id=\"77eed0a\" data-element_type=\"container\" data-e-type=\"container\">\n\t\t\t\t\t<div class=\"e-con-inner\">\n\t\t\t\t<div class=\"elementor-element elementor-element-63c60f5 elementor-widget elementor-widget-text-editor\" data-id=\"63c60f5\" data-element_type=\"widget\" data-e-type=\"widget\" data-widget_type=\"text-editor.default\">\n\t\t\t\t<div class=\"elementor-widget-container\">\n\t\t\t\t\t\t\t\t\t<h2 style=\"text-align: center;\" data-start=\"2179\" data-end=\"2192\"><strong>Masterclass<\/strong><\/h2>\n<h2 style=\"text-align: center;\" data-start=\"2194\" data-end=\"2282\"><strong>Des apports cibl\u00e9s pour mieux comprendre et ajuster les interactions professionnelles<\/strong><\/h2>\n<p style=\"text-align: center;\" data-start=\"2284\" data-end=\"2498\"><b>Les masterclasses LUMISKILLS sont des <span data-start=\"2322\" data-end=\"2347\">interventions courtes<\/span>, con\u00e7ues pour apporter des <span data-start=\"2375\" data-end=\"2393\">rep\u00e8res clairs<\/span>, des cl\u00e9s de compr\u00e9hension et des pistes d\u2019ajustement directement applicables en contexte professionnel.<\/b><\/p>\n<p data-start=\"2500\" data-end=\"2640\">Elles ne remplacent ni une formation approfondie ni un accompagnement, mais permettent de <strong data-start=\"2592\" data-end=\"2639\">prendre de la hauteur sur des enjeux pr\u00e9cis<\/strong>.<\/p>\n<h2 data-start=\"2647\" data-end=\"2677\"><b>Un format court et flexible<\/b><\/h2>\n<ul data-start=\"2679\" data-end=\"2859\">\n<li data-start=\"2679\" data-end=\"2716\">\n<p data-start=\"2681\" data-end=\"2716\">Dur\u00e9e : de <strong data-start=\"2692\" data-end=\"2714\">1 heure \u00e0 3 heures<\/strong><\/p>\n<\/li>\n<li data-start=\"2717\" data-end=\"2758\">\n<p data-start=\"2719\" data-end=\"2758\">Format : <strong data-start=\"2728\" data-end=\"2756\">pr\u00e9sentiel ou \u00e0 distance<\/strong><\/p>\n<\/li>\n<li data-start=\"2759\" data-end=\"2795\">\n<p data-start=\"2761\" data-end=\"2795\">Groupe d\u00e9fini par l\u2019organisation<\/p>\n<\/li>\n<li data-start=\"2796\" data-end=\"2859\">\n<p data-start=\"2798\" data-end=\"2859\">Contenus adapt\u00e9s aux enjeux professionnels des participants<\/p>\n<\/li>\n<\/ul>\n<div>\n<h2 data-start=\"2866\" data-end=\"2889\"><b>Th\u00e9matiques abord\u00e9es<\/b><\/h2>\n<p data-start=\"2891\" data-end=\"2932\">Les masterclasses portent notamment sur :<\/p>\n<ul data-start=\"2933\" data-end=\"3123\">\n<li data-start=\"2933\" data-end=\"2969\">\n<p data-start=\"2935\" data-end=\"2969\">la communication interpersonnelle,<\/p>\n<\/li>\n<li data-start=\"2970\" data-end=\"3007\">\n<p data-start=\"2972\" data-end=\"3007\">la compr\u00e9hension des comportements,<\/p>\n<\/li>\n<li data-start=\"3008\" data-end=\"3058\">\n<p data-start=\"3010\" data-end=\"3058\">le DISC comme outil de lecture des interactions,<\/p>\n<\/li>\n<li data-start=\"3059\" data-end=\"3123\">\n<p data-start=\"3061\" data-end=\"3123\">les m\u00e9canismes relationnels \u00e0 l\u2019\u0153uvre en milieu professionnel.<\/p>\n<\/li>\n<\/ul>\n<div>\n<h2 data-start=\"3222\" data-end=\"3259\"><b>\u00c0 quoi servent ces masterclasses ?<\/b><\/h2>\n<p data-start=\"3261\" data-end=\"3282\">Elles permettent de :<\/p>\n<ul data-start=\"3283\" data-end=\"3467\">\n<li data-start=\"3283\" data-end=\"3327\">\n<p data-start=\"3285\" data-end=\"3327\">mettre des mots sur des situations v\u00e9cues,<\/p>\n<\/li>\n<li data-start=\"3328\" data-end=\"3381\">\n<p data-start=\"3330\" data-end=\"3381\">mieux comprendre les r\u00e9actions et les interactions,<\/p>\n<\/li>\n<li data-start=\"3382\" data-end=\"3425\">\n<p data-start=\"3384\" data-end=\"3425\">ouvrir des pistes d\u2019ajustement concr\u00e8tes,<\/p>\n<\/li>\n<li data-start=\"3426\" data-end=\"3467\">\n<p data-start=\"3428\" data-end=\"3467\">cr\u00e9er un socle commun de compr\u00e9hension.<\/p>\n<\/li>\n<\/ul>\n<div>\n<h2 data-start=\"3474\" data-end=\"3506\"><b>Quand ce format est-il pertinent ?<\/b><\/h2>\n<ul data-start=\"3508\" data-end=\"3678\">\n<li data-start=\"3508\" data-end=\"3546\">\n<p data-start=\"3510\" data-end=\"3546\">sensibilisation sur un sujet pr\u00e9cis,<\/p>\n<\/li>\n<li data-start=\"3547\" data-end=\"3585\">\n<p data-start=\"3549\" data-end=\"3585\">amorce d\u2019un travail plus approfondi,<\/p>\n<\/li>\n<li data-start=\"3586\" data-end=\"3628\">\n<p data-start=\"3588\" data-end=\"3628\">compl\u00e9ment \u00e0 un accompagnement existant,<\/p>\n<\/li>\n<li data-start=\"3629\" data-end=\"3678\">\n<p data-start=\"3631\" data-end=\"3678\">intervention ponctuelle \u00e0 forte valeur ajout\u00e9e.<\/p>\n<\/li>\n<\/ul>\n<\/div>\n<\/div>\n<\/div>\t\t\t\t\t\t\t\t<\/div>\n\t\t\t\t<\/div>\n\t\t\t\t\t<\/div>\n\t\t\t\t<\/div>\n\t\t<div class=\"elementor-element elementor-element-2337e45 e-flex e-con-boxed e-con e-parent\" data-id=\"2337e45\" data-element_type=\"container\" data-e-type=\"container\">\n\t\t\t\t\t<div class=\"e-con-inner\">\n\t\t\t\t<div class=\"elementor-element elementor-element-b1ded6f elementor-widget-divider--view-line elementor-widget elementor-widget-divider\" data-id=\"b1ded6f\" data-element_type=\"widget\" data-e-type=\"widget\" data-widget_type=\"divider.default\">\n\t\t\t\t<div class=\"elementor-widget-container\">\n\t\t\t\t\t\t\t<div class=\"elementor-divider\">\n\t\t\t<span class=\"elementor-divider-separator\">\n\t\t\t\t\t\t<\/span>\n\t\t<\/div>\n\t\t\t\t\t\t<\/div>\n\t\t\t\t<\/div>\n\t\t\t\t\t<\/div>\n\t\t\t\t<\/div>\n\t\t<div class=\"elementor-element elementor-element-558cada e-flex e-con-boxed e-con e-parent\" data-id=\"558cada\" data-element_type=\"container\" data-e-type=\"container\">\n\t\t\t\t\t<div class=\"e-con-inner\">\n\t\t\t\t<div class=\"elementor-element elementor-element-57432ef fluentform-widget-submit-button-custom elementor-widget elementor-widget-fluent-form-widget\" data-id=\"57432ef\" data-element_type=\"widget\" data-e-type=\"widget\" data-widget_type=\"fluent-form-widget.default\">\n\t\t\t\t<div class=\"elementor-widget-container\">\n\t\t\t\t\t\n            <div class=\"fluentform-widget-wrapper fluentform-widget-align-default\">\n\n                            <div class=\"fluentform-widget-heading\">\n                                        <h3 class=\"fluentform-widget-title\">\n                        Echanger sur votre besoin                    <\/h3>\n                                                            <p class=\"fluentform-widget-description\">\n                        Chaque intervention commence par un \u00e9change afin de :\n\ncomprendre votre contexte,\n\nd\u00e9finir la th\u00e9matique,\n\najuster le format.                    <\/p>\n                                    <\/div>\n            \n            <div class='fluentform ff-default fluentform_wrapper_3 ffs_default_wrap'><form data-form_id=\"3\" id=\"fluentform_3\" class=\"frm-fluent-form fluent_form_3 ff-el-form-top ff_form_instance_3_1 ff-form-loading ffs_default\" data-form_instance=\"ff_form_instance_3_1\" method=\"POST\" ><fieldset  style=\"border: none!important;margin: 0!important;padding: 0!important;background-color: transparent!important;box-shadow: none!important;outline: none!important; min-inline-size: 100%;\">\n                    <legend class=\"ff_screen_reader_title\" style=\"display: block; margin: 0!important;padding: 0!important;height: 0!important;text-indent: -999999px;width: 0!important;overflow:hidden;\">Contact Form Demo (#3)<\/legend><p style=\"display: none !important;\" class=\"akismet-fields-container\" data-prefix=\"ak_\"><label>&#916;<textarea name=\"ak_hp_textarea\" cols=\"45\" rows=\"8\" maxlength=\"100\"><\/textarea><\/label><input type=\"hidden\" id=\"ak_js_1\" name=\"ak_js\" value=\"197\"\/><script>document.getElementById( \"ak_js_1\" ).setAttribute( \"value\", ( new Date() ).getTime() );<\/script><\/p><input type='hidden' name='__fluent_form_embded_post_id' value='1209' \/><input type=\"hidden\" id=\"_fluentform_3_fluentformnonce\" name=\"_fluentform_3_fluentformnonce\" value=\"2ee078b386\" \/><input type=\"hidden\" name=\"_wp_http_referer\" value=\"\/index.php\/wp-json\/wp\/v2\/pages\/1209\" \/><div data-type=\"name-element\" data-name=\"names\" class=\" ff-field_container ff-name-field-wrapper\" ><div class='ff-t-container'><div class='ff-t-cell '><div class='ff-el-group'><div class=\"ff-el-input--label asterisk-right\"><label for='ff_3_names_first_name_' id='label_ff_3_names_first_name_' >Pr\u00e9nom<\/label><\/div><div class='ff-el-input--content'><input type=\"text\" name=\"names[first_name]\" id=\"ff_3_names_first_name_\" class=\"ff-el-form-control\" placeholder=\"Pr\u00e9nom\" aria-invalid=\"false\" aria-required=false><\/div><\/div><\/div><div class='ff-t-cell '><div class='ff-el-group'><div class=\"ff-el-input--label asterisk-right\"><label for='ff_3_names_last_name_' id='label_ff_3_names_last_name_' >Nom<\/label><\/div><div class='ff-el-input--content'><input type=\"text\" name=\"names[last_name]\" id=\"ff_3_names_last_name_\" class=\"ff-el-form-control\" placeholder=\"Nom\" aria-invalid=\"false\" aria-required=false><\/div><\/div><\/div><\/div><\/div><div data-type=\"name-element\" data-name=\"names_1\" class=\" ff-field_container ff-name-field-wrapper\" ><div class='ff-t-container'><div class='ff-t-cell '><div class='ff-el-group  ff-el-form-top'><div class=\"ff-el-input--label asterisk-right\"><label for='ff_3_names_1_first_name_' id='label_ff_3_names_1_first_name_' >Entreprise<\/label><\/div><div class='ff-el-input--content'><input type=\"text\" name=\"names_1[first_name]\" id=\"ff_3_names_1_first_name_\" class=\"ff-el-form-control\" placeholder=\"Entreprise\" aria-invalid=\"false\" aria-required=false><\/div><\/div><\/div><div class='ff-t-cell '><div class='ff-el-group  ff-el-form-top'><div class=\"ff-el-input--label asterisk-right\"><label for='ff_3_names_1_last_name_' id='label_ff_3_names_1_last_name_' >Fonction<\/label><\/div><div class='ff-el-input--content'><input type=\"text\" name=\"names_1[last_name]\" id=\"ff_3_names_1_last_name_\" class=\"ff-el-form-control\" placeholder=\"Fonction\" aria-invalid=\"false\" aria-required=false><\/div><\/div><\/div><\/div><\/div><div class='ff-el-group'><div class=\"ff-el-input--label ff-el-is-required asterisk-right\"><label for='ff_3_email' id='label_ff_3_email' aria-label=\"Email\">Email<\/label><\/div><div class='ff-el-input--content'><input type=\"email\" name=\"email\" id=\"ff_3_email\" class=\"ff-el-form-control\" placeholder=\"Email Address\" data-name=\"email\"  aria-invalid=\"false\" aria-required=true><\/div><\/div><div class='ff-el-group'><div class=\"ff-el-input--label asterisk-right\"><label for='ff_3_subject' id='label_ff_3_subject' aria-label=\"Objet\">Objet<\/label><\/div><div class='ff-el-input--content'><input type=\"text\" name=\"subject\" class=\"ff-el-form-control\" placeholder=\"Objet\" data-name=\"subject\" id=\"ff_3_subject\"  aria-invalid=\"false\" aria-required=false><\/div><\/div><div class='ff-el-group'><div class=\"ff-el-input--label ff-el-is-required asterisk-right\"><label for='ff_3_message' id='label_ff_3_message' aria-label=\"Votre Message\">Votre Message<\/label><\/div><div class='ff-el-input--content'><textarea aria-required=\"true\" aria-labelledby=\"label_ff_3_message\" name=\"message\" id=\"ff_3_message\" class=\"ff-el-form-control\" placeholder=\"Votre Message\" rows=\"4\" cols=\"2\" data-name=\"message\" ><\/textarea><\/div><\/div><div class='ff-el-group ff-text-center ff_submit_btn_wrapper'><button type=\"submit\" class=\"ff-btn ff-btn-submit ff-btn-md ff_btn_style\"  aria-label=\"Envoyez\">Envoyez<\/button><\/div><\/fieldset><\/form><div id='fluentform_3_errors' class='ff-errors-in-stack ff_form_instance_3_1 ff-form-loading_errors ff_form_instance_3_1_errors'><\/div><\/div>            <script type=\"text\/javascript\">\n                window.fluent_form_ff_form_instance_3_1 = {\"id\":\"3\",\"settings\":{\"layout\":{\"labelPlacement\":\"top\",\"helpMessagePlacement\":\"with_label\",\"errorMessagePlacement\":\"inline\",\"cssClassName\":\"\",\"asteriskPlacement\":\"asterisk-right\"},\"restrictions\":{\"denyEmptySubmission\":{\"enabled\":false}}},\"form_instance\":\"ff_form_instance_3_1\",\"form_id_selector\":\"fluentform_3\",\"rules\":{\"names[first_name]\":{\"required\":{\"value\":false,\"message\":\"Ce champ est obligatoire\",\"global\":true,\"global_message\":\"Ce champ est obligatoire\"}},\"names[middle_name]\":{\"required\":{\"value\":false,\"message\":\"Ce champ est obligatoire\",\"global\":true,\"global_message\":\"Ce champ est obligatoire\"}},\"names[last_name]\":{\"required\":{\"value\":false,\"message\":\"Ce champ est obligatoire\",\"global\":true,\"global_message\":\"Ce champ est obligatoire\"}},\"names_1[first_name]\":{\"required\":{\"value\":false,\"message\":\"Ce champ est obligatoire\",\"global_message\":\"Ce champ est obligatoire\",\"global\":true}},\"names_1[middle_name]\":{\"required\":{\"value\":false,\"message\":\"Ce champ est obligatoire\",\"global_message\":\"Ce champ est obligatoire\",\"global\":true}},\"names_1[last_name]\":{\"required\":{\"value\":false,\"message\":\"Ce champ est obligatoire\",\"global_message\":\"Ce champ est obligatoire\",\"global\":true}},\"email\":{\"required\":{\"value\":true,\"message\":\"Ce champ est obligatoire\",\"global\":true,\"global_message\":\"Ce champ est obligatoire\"},\"email\":{\"value\":true,\"message\":\"Ce champ doit contenir un e-mail valide\",\"global\":true,\"global_message\":\"Ce champ doit contenir un e-mail valide\"}},\"subject\":{\"required\":{\"value\":false,\"message\":\"Ce champ est obligatoire\",\"global\":true,\"global_message\":\"Ce champ est obligatoire\"}},\"message\":{\"required\":{\"value\":true,\"message\":\"Ce champ est obligatoire\",\"global\":true,\"global_message\":\"Ce champ est obligatoire\"}}},\"debounce_time\":300};\n                            <\/script>\n                        <\/div>\n\n            \t\t\t\t<\/div>\n\t\t\t\t<\/div>\n\t\t\t\t\t<\/div>\n\t\t\t\t<\/div>\n\t\t\t\t<\/div>\n\t\t","protected":false},"excerpt":{"rendered":"<p>D\u00e9couvrez nos masterclasses uniques qui vont bien au-del\u00e0 d&rsquo;un simple apprentissage ! Offrant une heure de formation 100 % en ligne, ces sessions vous permettent de prendre du recul et d&rsquo;explorer des techniques concr\u00e8tes directement applicables dans votre environnement professionnel. Que vous souhaitiez am\u00e9liorer votre communication interpersonnelle ou plonger dans les neurosciences, chaque session est personnalis\u00e9e pour r\u00e9pondre aux enjeux du monde du travail. Pr\u00eat \u00e0 transformer votre approche ? Contactez-nous pour construire ensemble un projet sur-mesure qui r\u00e9pond \u00e0 vos besoins sp\u00e9cifiques. Ne manquez pas cette opportunit\u00e9 de faire \u00e9voluer vos comp\u00e9tences !<\/p>\n","protected":false},"author":1,"featured_media":0,"parent":0,"menu_order":0,"comment_status":"closed","ping_status":"closed","template":"","meta":{"site-sidebar-layout":"default","site-content-layout":"","ast-site-content-layout":"default","site-content-style":"default","site-sidebar-style":"default","ast-global-header-display":"","ast-banner-title-visibility":"","ast-main-header-display":"","ast-hfb-above-header-display":"","ast-hfb-below-header-display":"","ast-hfb-mobile-header-display":"","site-post-title":"","ast-breadcrumbs-content":"","ast-featured-img":"","footer-sml-layout":"","ast-disable-related-posts":"","theme-transparent-header-meta":"","adv-header-id-meta":"","stick-header-meta":"","header-above-stick-meta":"","header-main-stick-meta":"","header-below-stick-meta":"","astra-migrate-meta-layouts":"default","ast-page-background-enabled":"default","ast-page-background-meta":{"desktop":{"background-color":"var(--ast-global-color-5)","background-image":"","background-repeat":"repeat","background-position":"center center","background-size":"auto","background-attachment":"scroll","background-type":"","background-media":"","overlay-type":"","overlay-color":"","overlay-opacity":"","overlay-gradient":""},"tablet":{"background-color":"","background-image":"","background-repeat":"repeat","background-position":"center center","background-size":"auto","background-attachment":"scroll","background-type":"","background-media":"","overlay-type":"","overlay-color":"","overlay-opacity":"","overlay-gradient":""},"mobile":{"background-color":"","background-image":"","background-repeat":"repeat","background-position":"center center","background-size":"auto","background-attachment":"scroll","background-type":"","background-media":"","overlay-type":"","overlay-color":"","overlay-opacity":"","overlay-gradient":""}},"ast-content-background-meta":{"desktop":{"background-color":"var(--ast-global-color-4)","background-image":"","background-repeat":"repeat","background-position":"center center","background-size":"auto","background-attachment":"scroll","background-type":"","background-media":"","overlay-type":"","overlay-color":"","overlay-opacity":"","overlay-gradient":""},"tablet":{"background-color":"var(--ast-global-color-4)","background-image":"","background-repeat":"repeat","background-position":"center center","background-size":"auto","background-attachment":"scroll","background-type":"","background-media":"","overlay-type":"","overlay-color":"","overlay-opacity":"","overlay-gradient":""},"mobile":{"background-color":"var(--ast-global-color-4)","background-image":"","background-repeat":"repeat","background-position":"center center","background-size":"auto","background-attachment":"scroll","background-type":"","background-media":"","overlay-type":"","overlay-color":"","overlay-opacity":"","overlay-gradient":""}},"footnotes":""},"class_list":["post-1209","page","type-page","status-publish","hentry"],"_links":{"self":[{"href":"https:\/\/lumiskills.com\/index.php\/wp-json\/wp\/v2\/pages\/1209","targetHints":{"allow":["GET"]}}],"collection":[{"href":"https:\/\/lumiskills.com\/index.php\/wp-json\/wp\/v2\/pages"}],"about":[{"href":"https:\/\/lumiskills.com\/index.php\/wp-json\/wp\/v2\/types\/page"}],"author":[{"embeddable":true,"href":"https:\/\/lumiskills.com\/index.php\/wp-json\/wp\/v2\/users\/1"}],"replies":[{"embeddable":true,"href":"https:\/\/lumiskills.com\/index.php\/wp-json\/wp\/v2\/comments?post=1209"}],"version-history":[{"count":27,"href":"https:\/\/lumiskills.com\/index.php\/wp-json\/wp\/v2\/pages\/1209\/revisions"}],"predecessor-version":[{"id":1687,"href":"https:\/\/lumiskills.com\/index.php\/wp-json\/wp\/v2\/pages\/1209\/revisions\/1687"}],"wp:attachment":[{"href":"https:\/\/lumiskills.com\/index.php\/wp-json\/wp\/v2\/media?parent=1209"}],"curies":[{"name":"wp","href":"https:\/\/api.w.org\/{rel}","templated":true}]}}