{"id":1167,"date":"2025-02-03T11:14:19","date_gmt":"2025-02-03T10:14:19","guid":{"rendered":"https:\/\/lumiskills.com\/?page_id=1167"},"modified":"2025-03-14T16:14:22","modified_gmt":"2025-03-14T15:14:22","slug":"coaching-vie","status":"publish","type":"page","link":"https:\/\/lumiskills.com\/index.php\/coaching-vie\/","title":{"rendered":"Life coaching"},"content":{"rendered":"\t\t<div data-elementor-type=\"wp-page\" data-elementor-id=\"1167\" class=\"elementor elementor-1167\">\n\t\t\t\t<div class=\"elementor-element elementor-element-612ec28 e-grid e-con-boxed e-con e-parent\" data-id=\"612ec28\" data-element_type=\"container\" data-e-type=\"container\">\n\t\t\t\t\t<div class=\"e-con-inner\">\n\t\t\t\t<div class=\"elementor-element elementor-element-1587b14 elementor-widget elementor-widget-text-editor\" data-id=\"1587b14\" data-element_type=\"widget\" data-e-type=\"widget\" data-widget_type=\"text-editor.default\">\n\t\t\t\t<div class=\"elementor-widget-container\">\n\t\t\t\t\t\t\t\t\t<h3 data-pm-slice=\"1 1 []\"><span style=\"color: #000000;\">Donnez un nouvel \u00e9lan \u00e0 votre quotidien<\/span><\/h3><p data-pm-slice=\"1 1 []\"><span style=\"color: #000000;\">Votre bien-\u00eatre personnel est la cl\u00e9 de votre \u00e9quilibre, mais il arrive que des doutes, des blocages ou un sentiment de stagnation s\u2019installent.<\/span><\/p><p data-pm-slice=\"1 1 []\"><span style=\"color: #000000;\">Vous ressentez le besoin de changement ?<\/span><\/p><p data-pm-slice=\"1 1 []\"><span style=\"color: #000000;\">Vous aspirez \u00e0 une vie plus align\u00e9e avec vos valeurs, mais ne savez pas par o\u00f9 commencer ?<\/span><\/p><p data-pm-slice=\"1 1 []\"><span style=\"color: #000000;\">Le coaching de vie est l\u00e0 pour vous accompagner \u00e0 clarifier vos aspirations et \u00e0 lib\u00e9rer votre plein potentiel.<\/span><\/p><p><span style=\"color: #000000;\">Le coaching de vie ne se limite pas \u00e0 r\u00e9soudre des probl\u00e8mes ponctuels.<\/span><\/p><p><span style=\"color: #000000;\">Il s\u2019agit d\u2019un v\u00e9ritable voyage int\u00e9rieur, une d\u00e9marche personnelle qui vous aide \u00e0 explorer vos croyances, vos motivations profondes et vos d\u00e9sirs authentiques.<\/span><\/p><p><span style=\"color: #000000;\">Ce processus vous permet non seulement de surmonter les obstacles actuels, mais aussi de d\u00e9velopper des comp\u00e9tences durables pour g\u00e9rer les d\u00e9fis futurs.<\/span><\/p><p><span style=\"color: #000000;\">C&rsquo;est un espace de r\u00e9flexion bienveillant o\u00f9 vous pouvez vous exprimer librement, sans jugement, et o\u00f9 chaque \u00e9tape est adapt\u00e9e \u00e0 votre rythme et \u00e0 vos besoins.<\/span><\/p>\t\t\t\t\t\t\t\t<\/div>\n\t\t\t\t<\/div>\n\t\t\t\t<div class=\"elementor-element elementor-element-8eaa4be elementor-widget elementor-widget-image\" data-id=\"8eaa4be\" data-element_type=\"widget\" data-e-type=\"widget\" data-widget_type=\"image.default\">\n\t\t\t\t<div class=\"elementor-widget-container\">\n\t\t\t\t\t\t\t\t\t\t\t\t\t\t\t<img fetchpriority=\"high\" decoding=\"async\" width=\"992\" height=\"657\" src=\"https:\/\/lumiskills.com\/wp-content\/uploads\/2025\/02\/Capture-decran-2025-02-03-a-11.51.54.png\" class=\"attachment-large size-large wp-image-1191\" alt=\"\" srcset=\"https:\/\/lumiskills.com\/wp-content\/uploads\/2025\/02\/Capture-decran-2025-02-03-a-11.51.54.png 992w, https:\/\/lumiskills.com\/wp-content\/uploads\/2025\/02\/Capture-decran-2025-02-03-a-11.51.54-300x199.png 300w, https:\/\/lumiskills.com\/wp-content\/uploads\/2025\/02\/Capture-decran-2025-02-03-a-11.51.54-768x509.png 768w\" sizes=\"(max-width: 992px) 100vw, 992px\" \/>\t\t\t\t\t\t\t\t\t\t\t\t\t\t\t<\/div>\n\t\t\t\t<\/div>\n\t\t\t\t\t<\/div>\n\t\t\t\t<\/div>\n\t\t<div class=\"elementor-element elementor-element-55acbdd e-grid e-con-boxed e-con e-parent\" data-id=\"55acbdd\" data-element_type=\"container\" data-e-type=\"container\">\n\t\t\t\t\t<div class=\"e-con-inner\">\n\t\t\t\t<div class=\"elementor-element elementor-element-2ba868a elementor-widget elementor-widget-image\" data-id=\"2ba868a\" data-element_type=\"widget\" data-e-type=\"widget\" data-widget_type=\"image.default\">\n\t\t\t\t<div class=\"elementor-widget-container\">\n\t\t\t\t\t\t\t\t\t\t\t\t\t\t\t<img decoding=\"async\" width=\"437\" height=\"553\" src=\"https:\/\/lumiskills.com\/wp-content\/uploads\/2025\/02\/Capture-decran-2025-02-03-a-10.53.48.png\" class=\"attachment-large size-large wp-image-1169\" alt=\"\" srcset=\"https:\/\/lumiskills.com\/wp-content\/uploads\/2025\/02\/Capture-decran-2025-02-03-a-10.53.48.png 437w, https:\/\/lumiskills.com\/wp-content\/uploads\/2025\/02\/Capture-decran-2025-02-03-a-10.53.48-237x300.png 237w\" sizes=\"(max-width: 437px) 100vw, 437px\" \/>\t\t\t\t\t\t\t\t\t\t\t\t\t\t\t<\/div>\n\t\t\t\t<\/div>\n\t\t\t\t<div class=\"elementor-element elementor-element-1c60fc2 elementor-widget elementor-widget-text-editor\" data-id=\"1c60fc2\" data-element_type=\"widget\" data-e-type=\"widget\" data-widget_type=\"text-editor.default\">\n\t\t\t\t<div class=\"elementor-widget-container\">\n\t\t\t\t\t\t\t\t\t<h3 data-pm-slice=\"1 1 []\"><span style=\"color: #000000;\">Pourquoi se faire accompagner dans sa vie personnelle ?<\/span><\/h3><p><span style=\"color: #000000;\">Dans un monde en perp\u00e9tuel mouvement, il est essentiel de :<\/span><\/p><ul data-spread=\"false\"><li><p><span style=\"color: #000000;\"><strong>Faire le point sur vos besoins et vos aspirations<\/strong> : Identifier ce qui compte vraiment pour vous, au-del\u00e0 des attentes ext\u00e9rieures.<\/span><\/p><\/li><li><p><span style=\"color: #000000;\"><strong>Mieux vous conna\u00eetre<\/strong> : Identifier vos forces, vos talents, mais aussi comprendre vos freins pour agir de mani\u00e8re plus consciente.<\/span><\/p><\/li><li><p><span style=\"color: #000000;\"><strong>Oser le changement<\/strong> : Retrouver la confiance n\u00e9cessaire pour franchir les \u00e9tapes qui m\u00e8nent \u00e0 une vie plus \u00e9panouissante.<\/span><\/p><\/li><\/ul><p><span style=\"color: #000000;\">Le coaching de vie vous offre des outils concrets pour d\u00e9velopper votre r\u00e9silience, am\u00e9liorer votre communication interpersonnelle, et cultiver un \u00e9tat d\u2019esprit positif.<\/span><\/p><p><span style=\"color: #000000;\">Il vous aide \u00e0 identifier vos v\u00e9ritables motivations, \u00e0 d\u00e9passer vos peurs et \u00e0 cr\u00e9er des habitudes de vie align\u00e9es avec vos objectifs.<\/span><\/p><p><span style=\"color: #000000;\">Que vous souhaitiez am\u00e9liorer votre gestion du stress, renforcer votre confiance en vous, retrouver un \u00e9quilibre entre vie personnelle et professionnelle, ou simplement donner un sens nouveau \u00e0 votre quotidien, le coaching de vie est con\u00e7u pour r\u00e9pondre \u00e0 vos besoins uniques.<\/span><\/p><p><span style=\"color: #000000;\">En choisissant d&rsquo;\u00eatre accompagn\u00e9, vous faites un pas vers une vie plus consciente, plus riche de sens et plus harmonieuse.<\/span><\/p><p><em><strong><span style=\"color: #000000;\">Le changement commence par une d\u00e9cision : celle d&rsquo;investir en vous-m\u00eame.<\/span><\/strong><\/em><\/p>\t\t\t\t\t\t\t\t<\/div>\n\t\t\t\t<\/div>\n\t\t\t\t\t<\/div>\n\t\t\t\t<\/div>\n\t\t<div class=\"elementor-element elementor-element-fd27e60 e-flex e-con-boxed e-con e-parent\" data-id=\"fd27e60\" data-element_type=\"container\" data-e-type=\"container\">\n\t\t\t\t\t<div class=\"e-con-inner\">\n\t\t\t\t<div class=\"elementor-element elementor-element-6fd2cdc elementor-widget-divider--view-line elementor-widget elementor-widget-divider\" data-id=\"6fd2cdc\" data-element_type=\"widget\" data-e-type=\"widget\" data-widget_type=\"divider.default\">\n\t\t\t\t<div class=\"elementor-widget-container\">\n\t\t\t\t\t\t\t<div class=\"elementor-divider\">\n\t\t\t<span class=\"elementor-divider-separator\">\n\t\t\t\t\t\t<\/span>\n\t\t<\/div>\n\t\t\t\t\t\t<\/div>\n\t\t\t\t<\/div>\n\t\t\t\t\t<\/div>\n\t\t\t\t<\/div>\n\t\t<div class=\"elementor-element elementor-element-ec67dcf e-flex e-con-boxed e-con e-parent\" data-id=\"ec67dcf\" data-element_type=\"container\" data-e-type=\"container\">\n\t\t\t\t\t<div class=\"e-con-inner\">\n\t\t\t\t<div class=\"elementor-element elementor-element-3e0f137 fluentform-widget-submit-button-custom elementor-widget elementor-widget-fluent-form-widget\" data-id=\"3e0f137\" data-element_type=\"widget\" data-e-type=\"widget\" data-widget_type=\"fluent-form-widget.default\">\n\t\t\t\t<div class=\"elementor-widget-container\">\n\t\t\t\t\t\n            <div class=\"fluentform-widget-wrapper fluentform-widget-align-default\">\n\n                            <div class=\"fluentform-widget-heading\">\n                                        <h3 class=\"fluentform-widget-title\">\n                        Construisons ensemble votre projet                    <\/h3>\n                                                            <p class=\"fluentform-widget-description\">\n                        Parce que chaque r\u00e9ussite commence par un \u00e9change, contactez-moi pour discuter de vos besoins et trouver la solution qui vous correspond.                    <\/p>\n                                    <\/div>\n            \n            <div class='fluentform ff-default fluentform_wrapper_3 ffs_default_wrap'><form data-form_id=\"3\" id=\"fluentform_3\" class=\"frm-fluent-form fluent_form_3 ff-el-form-top ff_form_instance_3_1 ff-form-loading ffs_default\" data-form_instance=\"ff_form_instance_3_1\" method=\"POST\" ><fieldset  style=\"border: none!important;margin: 0!important;padding: 0!important;background-color: transparent!important;box-shadow: none!important;outline: none!important; min-inline-size: 100%;\">\n                    <legend class=\"ff_screen_reader_title\" style=\"display: block; margin: 0!important;padding: 0!important;height: 0!important;text-indent: -999999px;width: 0!important;overflow:hidden;\">Contact Form Demo (#3)<\/legend><p style=\"display: none !important;\" class=\"akismet-fields-container\" data-prefix=\"ak_\"><label>&#916;<textarea name=\"ak_hp_textarea\" cols=\"45\" rows=\"8\" maxlength=\"100\"><\/textarea><\/label><input type=\"hidden\" id=\"ak_js_1\" name=\"ak_js\" value=\"24\"\/><script>document.getElementById( \"ak_js_1\" ).setAttribute( \"value\", ( new Date() ).getTime() );<\/script><\/p><input type='hidden' name='__fluent_form_embded_post_id' value='1167' \/><input type=\"hidden\" id=\"_fluentform_3_fluentformnonce\" name=\"_fluentform_3_fluentformnonce\" value=\"a497d5d8ed\" \/><input type=\"hidden\" name=\"_wp_http_referer\" value=\"\/index.php\/wp-json\/wp\/v2\/pages\/1167\" \/><div data-type=\"name-element\" data-name=\"names\" class=\" ff-field_container ff-name-field-wrapper\" ><div class='ff-t-container'><div class='ff-t-cell '><div class='ff-el-group'><div class=\"ff-el-input--label asterisk-right\"><label for='ff_3_names_first_name_' id='label_ff_3_names_first_name_' >Pr\u00e9nom<\/label><\/div><div class='ff-el-input--content'><input type=\"text\" name=\"names[first_name]\" id=\"ff_3_names_first_name_\" class=\"ff-el-form-control\" placeholder=\"Pr\u00e9nom\" aria-invalid=\"false\" aria-required=false><\/div><\/div><\/div><div class='ff-t-cell '><div class='ff-el-group'><div class=\"ff-el-input--label asterisk-right\"><label for='ff_3_names_last_name_' id='label_ff_3_names_last_name_' >Nom<\/label><\/div><div class='ff-el-input--content'><input type=\"text\" name=\"names[last_name]\" id=\"ff_3_names_last_name_\" class=\"ff-el-form-control\" placeholder=\"Nom\" aria-invalid=\"false\" aria-required=false><\/div><\/div><\/div><\/div><\/div><div data-type=\"name-element\" data-name=\"names_1\" class=\" ff-field_container ff-name-field-wrapper\" ><div class='ff-t-container'><div class='ff-t-cell '><div class='ff-el-group  ff-el-form-top'><div class=\"ff-el-input--label asterisk-right\"><label for='ff_3_names_1_first_name_' id='label_ff_3_names_1_first_name_' >Entreprise<\/label><\/div><div class='ff-el-input--content'><input type=\"text\" name=\"names_1[first_name]\" id=\"ff_3_names_1_first_name_\" class=\"ff-el-form-control\" placeholder=\"Entreprise\" aria-invalid=\"false\" aria-required=false><\/div><\/div><\/div><div class='ff-t-cell '><div class='ff-el-group  ff-el-form-top'><div class=\"ff-el-input--label asterisk-right\"><label for='ff_3_names_1_last_name_' id='label_ff_3_names_1_last_name_' >Fonction<\/label><\/div><div class='ff-el-input--content'><input type=\"text\" name=\"names_1[last_name]\" id=\"ff_3_names_1_last_name_\" class=\"ff-el-form-control\" placeholder=\"Fonction\" aria-invalid=\"false\" aria-required=false><\/div><\/div><\/div><\/div><\/div><div class='ff-el-group'><div class=\"ff-el-input--label ff-el-is-required asterisk-right\"><label for='ff_3_email' id='label_ff_3_email' aria-label=\"Email\">Email<\/label><\/div><div class='ff-el-input--content'><input type=\"email\" name=\"email\" id=\"ff_3_email\" class=\"ff-el-form-control\" placeholder=\"Email Address\" data-name=\"email\"  aria-invalid=\"false\" aria-required=true><\/div><\/div><div class='ff-el-group'><div class=\"ff-el-input--label asterisk-right\"><label for='ff_3_subject' id='label_ff_3_subject' aria-label=\"Objet\">Objet<\/label><\/div><div class='ff-el-input--content'><input type=\"text\" name=\"subject\" class=\"ff-el-form-control\" placeholder=\"Objet\" data-name=\"subject\" id=\"ff_3_subject\"  aria-invalid=\"false\" aria-required=false><\/div><\/div><div class='ff-el-group'><div class=\"ff-el-input--label ff-el-is-required asterisk-right\"><label for='ff_3_message' id='label_ff_3_message' aria-label=\"Votre Message\">Votre Message<\/label><\/div><div class='ff-el-input--content'><textarea aria-required=\"true\" aria-labelledby=\"label_ff_3_message\" name=\"message\" id=\"ff_3_message\" class=\"ff-el-form-control\" placeholder=\"Votre Message\" rows=\"4\" cols=\"2\" data-name=\"message\" ><\/textarea><\/div><\/div><div class='ff-el-group ff-text-center ff_submit_btn_wrapper'><button type=\"submit\" class=\"ff-btn ff-btn-submit ff-btn-md ff_btn_style\"  aria-label=\"Envoyez\">Envoyez<\/button><\/div><\/fieldset><\/form><div id='fluentform_3_errors' class='ff-errors-in-stack ff_form_instance_3_1 ff-form-loading_errors ff_form_instance_3_1_errors'><\/div><\/div>            <script type=\"text\/javascript\">\n                window.fluent_form_ff_form_instance_3_1 = {\"id\":\"3\",\"settings\":{\"layout\":{\"labelPlacement\":\"top\",\"helpMessagePlacement\":\"with_label\",\"errorMessagePlacement\":\"inline\",\"cssClassName\":\"\",\"asteriskPlacement\":\"asterisk-right\"},\"restrictions\":{\"denyEmptySubmission\":{\"enabled\":false}}},\"form_instance\":\"ff_form_instance_3_1\",\"form_id_selector\":\"fluentform_3\",\"rules\":{\"names[first_name]\":{\"required\":{\"value\":false,\"message\":\"Ce champ est obligatoire\",\"global\":true,\"global_message\":\"Ce champ est obligatoire\"}},\"names[middle_name]\":{\"required\":{\"value\":false,\"message\":\"Ce champ est obligatoire\",\"global\":true,\"global_message\":\"Ce champ est obligatoire\"}},\"names[last_name]\":{\"required\":{\"value\":false,\"message\":\"Ce champ est obligatoire\",\"global\":true,\"global_message\":\"Ce champ est obligatoire\"}},\"names_1[first_name]\":{\"required\":{\"value\":false,\"message\":\"Ce champ est obligatoire\",\"global_message\":\"Ce champ est obligatoire\",\"global\":true}},\"names_1[middle_name]\":{\"required\":{\"value\":false,\"message\":\"Ce champ est obligatoire\",\"global_message\":\"Ce champ est obligatoire\",\"global\":true}},\"names_1[last_name]\":{\"required\":{\"value\":false,\"message\":\"Ce champ est obligatoire\",\"global_message\":\"Ce champ est obligatoire\",\"global\":true}},\"email\":{\"required\":{\"value\":true,\"message\":\"Ce champ est obligatoire\",\"global\":true,\"global_message\":\"Ce champ est obligatoire\"},\"email\":{\"value\":true,\"message\":\"Ce champ doit contenir un e-mail valide\",\"global\":true,\"global_message\":\"Ce champ doit contenir un e-mail valide\"}},\"subject\":{\"required\":{\"value\":false,\"message\":\"Ce champ est obligatoire\",\"global\":true,\"global_message\":\"Ce champ est obligatoire\"}},\"message\":{\"required\":{\"value\":true,\"message\":\"Ce champ est obligatoire\",\"global\":true,\"global_message\":\"Ce champ est obligatoire\"}}},\"debounce_time\":300};\n                            <\/script>\n                        <\/div>\n\n            \t\t\t\t<\/div>\n\t\t\t\t<\/div>\n\t\t\t\t\t<\/div>\n\t\t\t\t<\/div>\n\t\t\t\t<\/div>\n\t\t","protected":false},"excerpt":{"rendered":"<p>Transformez votre vie avec notre life coaching personnalis\u00e9, ax\u00e9 sur vos besoins et aspirations uniques.<\/p>\n","protected":false},"author":1,"featured_media":0,"parent":0,"menu_order":0,"comment_status":"closed","ping_status":"closed","template":"","meta":{"site-sidebar-layout":"default","site-content-layout":"","ast-site-content-layout":"default","site-content-style":"default","site-sidebar-style":"default","ast-global-header-display":"","ast-banner-title-visibility":"","ast-main-header-display":"","ast-hfb-above-header-display":"","ast-hfb-below-header-display":"","ast-hfb-mobile-header-display":"","site-post-title":"","ast-breadcrumbs-content":"","ast-featured-img":"","footer-sml-layout":"","ast-disable-related-posts":"","theme-transparent-header-meta":"","adv-header-id-meta":"","stick-header-meta":"","header-above-stick-meta":"","header-main-stick-meta":"","header-below-stick-meta":"","astra-migrate-meta-layouts":"default","ast-page-background-enabled":"default","ast-page-background-meta":{"desktop":{"background-color":"var(--ast-global-color-5)","background-image":"","background-repeat":"repeat","background-position":"center center","background-size":"auto","background-attachment":"scroll","background-type":"","background-media":"","overlay-type":"","overlay-color":"","overlay-opacity":"","overlay-gradient":""},"tablet":{"background-color":"","background-image":"","background-repeat":"repeat","background-position":"center center","background-size":"auto","background-attachment":"scroll","background-type":"","background-media":"","overlay-type":"","overlay-color":"","overlay-opacity":"","overlay-gradient":""},"mobile":{"background-color":"","background-image":"","background-repeat":"repeat","background-position":"center center","background-size":"auto","background-attachment":"scroll","background-type":"","background-media":"","overlay-type":"","overlay-color":"","overlay-opacity":"","overlay-gradient":""}},"ast-content-background-meta":{"desktop":{"background-color":"var(--ast-global-color-4)","background-image":"","background-repeat":"repeat","background-position":"center center","background-size":"auto","background-attachment":"scroll","background-type":"","background-media":"","overlay-type":"","overlay-color":"","overlay-opacity":"","overlay-gradient":""},"tablet":{"background-color":"var(--ast-global-color-4)","background-image":"","background-repeat":"repeat","background-position":"center center","background-size":"auto","background-attachment":"scroll","background-type":"","background-media":"","overlay-type":"","overlay-color":"","overlay-opacity":"","overlay-gradient":""},"mobile":{"background-color":"var(--ast-global-color-4)","background-image":"","background-repeat":"repeat","background-position":"center center","background-size":"auto","background-attachment":"scroll","background-type":"","background-media":"","overlay-type":"","overlay-color":"","overlay-opacity":"","overlay-gradient":""}},"footnotes":""},"class_list":["post-1167","page","type-page","status-publish","hentry"],"_links":{"self":[{"href":"https:\/\/lumiskills.com\/index.php\/wp-json\/wp\/v2\/pages\/1167","targetHints":{"allow":["GET"]}}],"collection":[{"href":"https:\/\/lumiskills.com\/index.php\/wp-json\/wp\/v2\/pages"}],"about":[{"href":"https:\/\/lumiskills.com\/index.php\/wp-json\/wp\/v2\/types\/page"}],"author":[{"embeddable":true,"href":"https:\/\/lumiskills.com\/index.php\/wp-json\/wp\/v2\/users\/1"}],"replies":[{"embeddable":true,"href":"https:\/\/lumiskills.com\/index.php\/wp-json\/wp\/v2\/comments?post=1167"}],"version-history":[{"count":20,"href":"https:\/\/lumiskills.com\/index.php\/wp-json\/wp\/v2\/pages\/1167\/revisions"}],"predecessor-version":[{"id":1332,"href":"https:\/\/lumiskills.com\/index.php\/wp-json\/wp\/v2\/pages\/1167\/revisions\/1332"}],"wp:attachment":[{"href":"https:\/\/lumiskills.com\/index.php\/wp-json\/wp\/v2\/media?parent=1167"}],"curies":[{"name":"wp","href":"https:\/\/api.w.org\/{rel}","templated":true}]}}