{"id":1136,"date":"2025-01-30T18:25:31","date_gmt":"2025-01-30T17:25:31","guid":{"rendered":"https:\/\/lumiskills.com\/?page_id=1136"},"modified":"2025-01-30T18:27:58","modified_gmt":"2025-01-30T17:27:58","slug":"accompagner-les-collaborateurs-en-fin-de-carriere","status":"publish","type":"page","link":"https:\/\/lumiskills.com\/index.php\/accompagner-les-collaborateurs-en-fin-de-carriere\/","title":{"rendered":"Accompagner les collaborateurs en fin de carri\u00e8re"},"content":{"rendered":"\t\t<div data-elementor-type=\"wp-page\" data-elementor-id=\"1136\" class=\"elementor elementor-1136\">\n\t\t\t\t<div class=\"elementor-element elementor-element-3a6b48e e-grid e-con-boxed e-con e-parent\" data-id=\"3a6b48e\" data-element_type=\"container\" data-e-type=\"container\">\n\t\t\t\t\t<div class=\"e-con-inner\">\n\t\t\t\t<div class=\"elementor-element elementor-element-0153045 elementor-widget elementor-widget-text-editor\" data-id=\"0153045\" data-element_type=\"widget\" data-e-type=\"widget\" data-widget_type=\"text-editor.default\">\n\t\t\t\t<div class=\"elementor-widget-container\">\n\t\t\t\t\t\t\t\t\t<h4><span style=\"color: #000000;\"><strong>Un rappel essentiel pour structurer cette transition<\/strong><\/span><\/h4><p><span style=\"color: #000000;\">Les fins de carri\u00e8re sont une <strong>\u00e9tape cl\u00e9<\/strong> dans la gestion des ressources humaines. Si vous ma\u00eetrisez ces enjeux, un <strong>rappel structur\u00e9<\/strong> des bonnes pratiques peut vous faire gagner du temps et s\u00e9curiser vos d\u00e9marches.<\/span><\/p><p><span style=\"color: #000000;\">\u2714 Comment \u00e9viter la perte de savoirs cl\u00e9s ?<\/span><br \/><span style=\"color: #000000;\">\u2714 Quels leviers pour maintenir l\u2019engagement des collaborateurs seniors ?<\/span><br \/><span style=\"color: #000000;\">\u2714 Comment structurer un accompagnement efficace et adapt\u00e9 ?<\/span><\/p><p><span style=\"color: #000000;\">\ud83d\udca1 <strong>Cet aide-m\u00e9moire synth\u00e9tise les points essentiels pour faciliter votre travail et garantir une transition fluide.<\/strong><\/span><\/p><p><span style=\"color: #000000;\">.<\/span><\/p>\t\t\t\t\t\t\t\t<\/div>\n\t\t\t\t<\/div>\n\t\t\t\t<div class=\"elementor-element elementor-element-703e5db elementor-widget elementor-widget-image\" data-id=\"703e5db\" data-element_type=\"widget\" data-e-type=\"widget\" data-widget_type=\"image.default\">\n\t\t\t\t<div class=\"elementor-widget-container\">\n\t\t\t\t\t\t\t\t\t\t\t\t\t\t\t<img fetchpriority=\"high\" decoding=\"async\" width=\"1024\" height=\"682\" src=\"https:\/\/lumiskills.com\/wp-content\/uploads\/2025\/01\/pro-guide-verre-1024x682.png\" class=\"attachment-large size-large wp-image-1138\" alt=\"\" srcset=\"https:\/\/lumiskills.com\/wp-content\/uploads\/2025\/01\/pro-guide-verre-1024x682.png 1024w, https:\/\/lumiskills.com\/wp-content\/uploads\/2025\/01\/pro-guide-verre-300x200.png 300w, https:\/\/lumiskills.com\/wp-content\/uploads\/2025\/01\/pro-guide-verre-768x512.png 768w, https:\/\/lumiskills.com\/wp-content\/uploads\/2025\/01\/pro-guide-verre-1536x1024.png 1536w, https:\/\/lumiskills.com\/wp-content\/uploads\/2025\/01\/pro-guide-verre.png 2000w\" sizes=\"(max-width: 1024px) 100vw, 1024px\" \/>\t\t\t\t\t\t\t\t\t\t\t\t\t\t\t<\/div>\n\t\t\t\t<\/div>\n\t\t\t\t\t<\/div>\n\t\t\t\t<\/div>\n\t\t<div class=\"elementor-element elementor-element-5bc3cad e-flex e-con-boxed e-con e-parent\" data-id=\"5bc3cad\" data-element_type=\"container\" data-e-type=\"container\">\n\t\t\t\t\t<div class=\"e-con-inner\">\n\t\t\t\t<div class=\"elementor-element elementor-element-054ae0f elementor-widget elementor-widget-text-editor\" data-id=\"054ae0f\" data-element_type=\"widget\" data-e-type=\"widget\" data-widget_type=\"text-editor.default\">\n\t\t\t\t<div class=\"elementor-widget-container\">\n\t\t\t\t\t\t\t\t\t<h2 style=\"text-align: center;\"><strong><span style=\"color: #000000;\">T\u00e9l\u00e9charger le guide pratique gratuitement<\/span><\/strong><\/h2>\t\t\t\t\t\t\t\t<\/div>\n\t\t\t\t<\/div>\n\t\t\t\t<div class=\"elementor-element elementor-element-10c5ac4 elementor-widget__width-initial elementor-widget elementor-widget-video\" data-id=\"10c5ac4\" data-element_type=\"widget\" data-e-type=\"widget\" data-settings=\"{&quot;video_type&quot;:&quot;hosted&quot;,&quot;autoplay&quot;:&quot;yes&quot;,&quot;mute&quot;:&quot;yes&quot;,&quot;loop&quot;:&quot;yes&quot;,&quot;controls&quot;:&quot;yes&quot;}\" data-widget_type=\"video.default\">\n\t\t\t\t<div class=\"elementor-widget-container\">\n\t\t\t\t\t\t\t<div class=\"e-hosted-video elementor-wrapper elementor-open-inline\">\n\t\t\t\t\t<video class=\"elementor-video\" src=\"http:\/\/lumiskills.com\/wp-content\/uploads\/2025\/01\/DL-GUIDE-PRO.mp4\" autoplay=\"\" loop=\"\" controls=\"\" muted=\"muted\" controlsList=\"nodownload\"><\/video>\n\t\t\t\t<\/div>\n\t\t\t\t\t\t<\/div>\n\t\t\t\t<\/div>\n\t\t\t\t<div class=\"elementor-element elementor-element-2ef407e elementor-widget elementor-widget-wpforms\" data-id=\"2ef407e\" data-element_type=\"widget\" data-e-type=\"widget\" data-widget_type=\"wpforms.default\">\n\t\t\t\t<div class=\"elementor-widget-container\">\n\t\t\t\t\t<div class=\"wpforms-container wpforms-container-full wpforms-render-modern\" id=\"wpforms-1127\"><form id=\"wpforms-form-1127\" class=\"wpforms-validate wpforms-form wpforms-ajax-form\" data-formid=\"1127\" method=\"post\" enctype=\"multipart\/form-data\" action=\"\/index.php\/wp-json\/wp\/v2\/pages\/1136\" data-token=\"e13e74b021f09f00b90c5faaa3fa48fc\" data-token-time=\"1777520424\"><noscript class=\"wpforms-error-noscript\">Veuillez activer JavaScript dans votre navigateur pour remplir ce formulaire.<\/noscript><div id=\"wpforms-error-noscript\" style=\"display: none;\">Veuillez activer JavaScript dans votre navigateur pour remplir ce formulaire.<\/div><div class=\"wpforms-field-container\"><div id=\"wpforms-1127-field_1-container\" class=\"wpforms-field wpforms-field-name\" data-field-id=\"1\"><fieldset><legend class=\"wpforms-field-label\">Qui \u00eates-vous ? <span class=\"wpforms-required-label\" aria-hidden=\"true\">*<\/span><\/legend><div class=\"wpforms-field-row wpforms-field-large\"><div class=\"wpforms-field-row-block wpforms-first wpforms-one-half\"><input type=\"text\" id=\"wpforms-1127-field_1\" class=\"wpforms-field-name-first wpforms-field-required\" name=\"wpforms[fields][1][first]\" aria-errormessage=\"wpforms-1127-field_1-error\" required><label for=\"wpforms-1127-field_1\" class=\"wpforms-field-sublabel after\">Pr\u00e9nom<\/label><\/div><div class=\"wpforms-field-row-block wpforms-one-half\"><input type=\"text\" id=\"wpforms-1127-field_1-last\" class=\"wpforms-field-name-last wpforms-field-required\" name=\"wpforms[fields][1][last]\" aria-errormessage=\"wpforms-1127-field_1-last-error\" required><label for=\"wpforms-1127-field_1-last\" class=\"wpforms-field-sublabel after\">Nom<\/label><\/div><\/div><\/fieldset><\/div><div id=\"wpforms-1127-field_12-container\" class=\"wpforms-field wpforms-field-text\" data-field-id=\"12\"><label class=\"wpforms-field-label\" for=\"wpforms-1127-field_12\">Soci\u00e9t\u00e9 <span class=\"wpforms-required-label\" aria-hidden=\"true\">*<\/span><\/label><input type=\"text\" id=\"wpforms-1127-field_12\" class=\"wpforms-field-large wpforms-field-required\" name=\"wpforms[fields][12]\" aria-errormessage=\"wpforms-1127-field_12-error\" required><\/div><div id=\"wpforms-1127-field_13-container\" class=\"wpforms-field wpforms-field-text\" data-field-id=\"13\"><label class=\"wpforms-field-label\" for=\"wpforms-1127-field_13\">Fonction<\/label><input type=\"text\" id=\"wpforms-1127-field_13\" class=\"wpforms-field-medium\" name=\"wpforms[fields][13]\" aria-errormessage=\"wpforms-1127-field_13-error\" ><\/div><div id=\"wpforms-1127-field_2-container\" class=\"wpforms-field wpforms-field-email\" data-field-id=\"2\"><label class=\"wpforms-field-label\" for=\"wpforms-1127-field_2\">Email <span class=\"wpforms-required-label\" aria-hidden=\"true\">*<\/span><\/label><input type=\"email\" id=\"wpforms-1127-field_2\" class=\"wpforms-field-large wpforms-field-required\" name=\"wpforms[fields][2]\" spellcheck=\"false\" aria-errormessage=\"wpforms-1127-field_2-error\" required><\/div>\t\t<div id=\"wpforms-1127-field_3-container\"\n\t\t\tclass=\"wpforms-field wpforms-field-text\"\n\t\t\tdata-field-type=\"text\"\n\t\t\tdata-field-id=\"3\"\n\t\t\t>\n\t\t\t<label class=\"wpforms-field-label\" for=\"wpforms-1127-field_3\" >Mes personnelles ?<\/label>\n\t\t\t<input type=\"text\" id=\"wpforms-1127-field_3\" class=\"wpforms-field-medium\" name=\"wpforms[fields][3]\" >\n\t\t<\/div>\n\t\t<div id=\"wpforms-1127-field_5-container\" class=\"wpforms-field wpforms-field-checkbox\" data-field-id=\"5\"><fieldset><legend class=\"wpforms-field-label\">Mes donn\u00e9es personnelles<\/legend><ul id=\"wpforms-1127-field_5\"><li class=\"choice-1 depth-1\"><input type=\"checkbox\" id=\"wpforms-1127-field_5_1\" name=\"wpforms[fields][5][]\" value=\"J\u2019accepte que mes donn\u00e9es soient collect\u00e9es et utilis\u00e9es conform\u00e9ment \u00e0 la politique de confidentialit\u00e9 de ce site.\" aria-errormessage=\"wpforms-1127-field_5_1-error\"  ><label class=\"wpforms-field-label-inline\" for=\"wpforms-1127-field_5_1\">J\u2019accepte que mes donn\u00e9es soient collect\u00e9es et utilis\u00e9es conform\u00e9ment \u00e0 la politique de confidentialit\u00e9 de ce site.<\/label><\/li><\/ul><\/fieldset><\/div><script>\n\t\t\t\t( function() {\n\t\t\t\t\tconst style = document.createElement( 'style' );\n\t\t\t\t\tstyle.appendChild( document.createTextNode( '#wpforms-1127-field_3-container { position: absolute !important; overflow: hidden !important; display: inline !important; height: 1px !important; width: 1px !important; z-index: -1000 !important; padding: 0 !important; } #wpforms-1127-field_3-container input { visibility: hidden; } #wpforms-conversational-form-page #wpforms-1127-field_3-container label { counter-increment: none; }' ) );\n\t\t\t\t\tdocument.head.appendChild( style );\n\t\t\t\t\tdocument.currentScript?.remove();\n\t\t\t\t} )();\n\t\t\t<\/script><\/div><!-- .wpforms-field-container --><div class=\"wpforms-submit-container\" ><input type=\"hidden\" name=\"wpforms[id]\" value=\"1127\"><input type=\"hidden\" name=\"page_title\" value=\"\"><input type=\"hidden\" name=\"page_url\" value=\"https:\/\/lumiskills.com\/index.php\/wp-json\/wp\/v2\/pages\/1136\"><input type=\"hidden\" name=\"url_referer\" value=\"\"><button type=\"submit\" name=\"wpforms[submit]\" id=\"wpforms-submit-1127\" class=\"wpforms-submit\" data-alt-text=\"Sending...\" data-submit-text=\"T\u00e9l\u00e9charger\" aria-live=\"assertive\" value=\"wpforms-submit\">T\u00e9l\u00e9charger<\/button><img decoding=\"async\" src=\"https:\/\/lumiskills.com\/wp-content\/plugins\/wpforms-lite\/assets\/images\/submit-spin.svg\" class=\"wpforms-submit-spinner\" style=\"display: none;\" width=\"26\" height=\"26\" alt=\"Chargement en cours\"><\/div><\/form><\/div>  <!-- .wpforms-container -->\t\t\t\t<\/div>\n\t\t\t\t<\/div>\n\t\t\t\t\t<\/div>\n\t\t\t\t<\/div>\n\t\t<div class=\"elementor-element elementor-element-519f171 e-flex e-con-boxed e-con e-parent\" data-id=\"519f171\" data-element_type=\"container\" data-e-type=\"container\">\n\t\t\t\t\t<div class=\"e-con-inner\">\n\t\t\t\t\t<\/div>\n\t\t\t\t<\/div>\n\t\t\t\t<\/div>\n\t\t","protected":false},"excerpt":{"rendered":"<p>Un rappel essentiel pour structurer cette transition Les fins de carri\u00e8re sont une \u00e9tape cl\u00e9 dans la gestion des ressources [&hellip;]<\/p>\n","protected":false},"author":1,"featured_media":0,"parent":0,"menu_order":0,"comment_status":"closed","ping_status":"closed","template":"","meta":{"site-sidebar-layout":"default","site-content-layout":"","ast-site-content-layout":"default","site-content-style":"default","site-sidebar-style":"default","ast-global-header-display":"","ast-banner-title-visibility":"","ast-main-header-display":"","ast-hfb-above-header-display":"","ast-hfb-below-header-display":"","ast-hfb-mobile-header-display":"","site-post-title":"","ast-breadcrumbs-content":"","ast-featured-img":"","footer-sml-layout":"","ast-disable-related-posts":"","theme-transparent-header-meta":"","adv-header-id-meta":"","stick-header-meta":"","header-above-stick-meta":"","header-main-stick-meta":"","header-below-stick-meta":"","astra-migrate-meta-layouts":"default","ast-page-background-enabled":"default","ast-page-background-meta":{"desktop":{"background-color":"var(--ast-global-color-5)","background-image":"","background-repeat":"repeat","background-position":"center center","background-size":"auto","background-attachment":"scroll","background-type":"","background-media":"","overlay-type":"","overlay-color":"","overlay-opacity":"","overlay-gradient":""},"tablet":{"background-color":"","background-image":"","background-repeat":"repeat","background-position":"center center","background-size":"auto","background-attachment":"scroll","background-type":"","background-media":"","overlay-type":"","overlay-color":"","overlay-opacity":"","overlay-gradient":""},"mobile":{"background-color":"","background-image":"","background-repeat":"repeat","background-position":"center center","background-size":"auto","background-attachment":"scroll","background-type":"","background-media":"","overlay-type":"","overlay-color":"","overlay-opacity":"","overlay-gradient":""}},"ast-content-background-meta":{"desktop":{"background-color":"var(--ast-global-color-4)","background-image":"","background-repeat":"repeat","background-position":"center center","background-size":"auto","background-attachment":"scroll","background-type":"","background-media":"","overlay-type":"","overlay-color":"","overlay-opacity":"","overlay-gradient":""},"tablet":{"background-color":"var(--ast-global-color-4)","background-image":"","background-repeat":"repeat","background-position":"center center","background-size":"auto","background-attachment":"scroll","background-type":"","background-media":"","overlay-type":"","overlay-color":"","overlay-opacity":"","overlay-gradient":""},"mobile":{"background-color":"var(--ast-global-color-4)","background-image":"","background-repeat":"repeat","background-position":"center center","background-size":"auto","background-attachment":"scroll","background-type":"","background-media":"","overlay-type":"","overlay-color":"","overlay-opacity":"","overlay-gradient":""}},"footnotes":""},"class_list":["post-1136","page","type-page","status-publish","hentry"],"_links":{"self":[{"href":"https:\/\/lumiskills.com\/index.php\/wp-json\/wp\/v2\/pages\/1136","targetHints":{"allow":["GET"]}}],"collection":[{"href":"https:\/\/lumiskills.com\/index.php\/wp-json\/wp\/v2\/pages"}],"about":[{"href":"https:\/\/lumiskills.com\/index.php\/wp-json\/wp\/v2\/types\/page"}],"author":[{"embeddable":true,"href":"https:\/\/lumiskills.com\/index.php\/wp-json\/wp\/v2\/users\/1"}],"replies":[{"embeddable":true,"href":"https:\/\/lumiskills.com\/index.php\/wp-json\/wp\/v2\/comments?post=1136"}],"version-history":[{"count":7,"href":"https:\/\/lumiskills.com\/index.php\/wp-json\/wp\/v2\/pages\/1136\/revisions"}],"predecessor-version":[{"id":1145,"href":"https:\/\/lumiskills.com\/index.php\/wp-json\/wp\/v2\/pages\/1136\/revisions\/1145"}],"wp:attachment":[{"href":"https:\/\/lumiskills.com\/index.php\/wp-json\/wp\/v2\/media?parent=1136"}],"curies":[{"name":"wp","href":"https:\/\/api.w.org\/{rel}","templated":true}]}}