{"id":113,"date":"2023-11-20T14:42:54","date_gmt":"2023-11-20T13:42:54","guid":{"rendered":"https:\/\/lumiskills.com\/?page_id=113"},"modified":"2026-04-13T18:17:21","modified_gmt":"2026-04-13T16:17:21","slug":"coach-professionnel-disc-aix-marseille","status":"publish","type":"page","link":"https:\/\/lumiskills.com\/index.php\/prestations-aix-marseille-disc\/coach-professionnel-disc-aix-marseille\/","title":{"rendered":"Qui je suis"},"content":{"rendered":"\t\t<div data-elementor-type=\"wp-page\" data-elementor-id=\"113\" class=\"elementor elementor-113\">\n\t\t\t\t<div class=\"elementor-element elementor-element-9f94f14 e-flex e-con-boxed e-con e-parent\" data-id=\"9f94f14\" data-element_type=\"container\" data-e-type=\"container\">\n\t\t\t\t\t<div class=\"e-con-inner\">\n\t\t\t\t<div class=\"elementor-element elementor-element-3046c09 elementor-widget elementor-widget-heading\" data-id=\"3046c09\" data-element_type=\"widget\" data-e-type=\"widget\" data-widget_type=\"heading.default\">\n\t\t\t\t<div class=\"elementor-widget-container\">\n\t\t\t\t\t<h1 class=\"elementor-heading-title elementor-size-default\">Qui je suis<\/h1>\t\t\t\t<\/div>\n\t\t\t\t<\/div>\n\t\t\t\t\t<\/div>\n\t\t\t\t<\/div>\n\t\t<div class=\"elementor-element elementor-element-7800c3c e-flex e-con-boxed e-con e-parent\" data-id=\"7800c3c\" data-element_type=\"container\" data-e-type=\"container\">\n\t\t\t\t\t<div class=\"e-con-inner\">\n\t\t\t\t<div class=\"elementor-element elementor-element-8b97d98 elementor-widget elementor-widget-text-editor\" data-id=\"8b97d98\" data-element_type=\"widget\" data-e-type=\"widget\" data-widget_type=\"text-editor.default\">\n\t\t\t\t<div class=\"elementor-widget-container\">\n\t\t\t\t\t\t\t\t\t<p><span style=\"color: #333399;\"><img decoding=\"async\" class=\"alignleft wp-image-1729 size-thumbnail\" src=\"http:\/\/lumiskills.com\/wp-content\/uploads\/2026\/03\/ma-goule-150x150.jpg\" alt=\"Carole Lopez Coach\" width=\"150\" height=\"150\" \/><\/span><\/p><p data-start=\"564\" data-end=\"670\"><span style=\"color: #333399;\">Je suis <strong data-start=\"572\" data-end=\"612\">coach professionnelle certifi\u00e9e RNCP<\/strong>, praticienne PNL et <strong data-start=\"633\" data-end=\"669\">certifi\u00e9e DISC &amp; Forces Motrices<\/strong>.<\/span><\/p><p data-start=\"672\" data-end=\"1040\"><span style=\"color: #333399;\">Avant d\u2019exercer le coaching, j\u2019ai pass\u00e9 <strong data-start=\"712\" data-end=\"744\">plus de 20 ans en entreprise<\/strong>, dans des fonctions li\u00e9es au management et \u00e0 la gestion de projets.<\/span><br data-start=\"812\" data-end=\"815\" \/><span style=\"color: #333399;\">Cette exp\u00e9rience constitue aujourd\u2019hui le socle de mon accompagnement : une compr\u00e9hension concr\u00e8te des r\u00e9alit\u00e9s organisationnelles, des contraintes du terrain et des enjeux humains auxquels les professionnels sont confront\u00e9s.<\/span><\/p><p data-start=\"1042\" data-end=\"1200\"><span style=\"color: #333399;\">Je n\u2019accompagne pas \u00e0 partir de concepts abstraits.<\/span><br data-start=\"1093\" data-end=\"1096\" \/><span style=\"color: #333399;\">J\u2019interviens \u00e0 partir de <strong data-start=\"1121\" data-end=\"1142\">situations v\u00e9cues<\/strong>, de contextes r\u00e9els et de probl\u00e9matiques op\u00e9rationnelles.<\/span><\/p><h2 data-start=\"1207\" data-end=\"1234\"><span style=\"color: #333399;\"><strong>Ma mani\u00e8re de travailler<\/strong><\/span><\/h2><p data-start=\"1236\" data-end=\"1435\"><span style=\"color: #333399;\">Au fil de mon parcours, j\u2019ai structur\u00e9 une <strong data-start=\"1279\" data-end=\"1314\">m\u00e9thode d\u2019accompagnement propre<\/strong>, issue de l\u2019exp\u00e9rience terrain, du coaching et de l\u2019observation fine des fonctionnements humains : <strong data-start=\"1414\" data-end=\"1434\">la m\u00e9thode NOVAE<\/strong>.<\/span><\/p><p data-start=\"1437\" data-end=\"1465\"><span style=\"color: #333399;\">Cette m\u00e9thode me permet de :<\/span><\/p><ul data-start=\"1466\" data-end=\"1710\"><li data-start=\"1466\" data-end=\"1523\"><p data-start=\"1468\" data-end=\"1523\"><span style=\"color: #333399;\">clarifier ce qui se joue r\u00e9ellement dans une situation,<\/span><\/p><\/li><li data-start=\"1524\" data-end=\"1594\"><p data-start=\"1526\" data-end=\"1594\"><span style=\"color: #333399;\">identifier les m\u00e9canismes relationnels et comportementaux \u00e0 l\u2019\u0153uvre,<\/span><\/p><\/li><li data-start=\"1595\" data-end=\"1637\"><p data-start=\"1597\" data-end=\"1637\"><span style=\"color: #333399;\">poser un cadre de r\u00e9flexion structurant,<\/span><\/p><\/li><li data-start=\"1638\" data-end=\"1710\"><p data-start=\"1640\" data-end=\"1710\"><span style=\"color: #333399;\">accompagner des ajustements concrets, durables et adapt\u00e9s au contexte.<\/span><\/p><\/li><\/ul><p data-start=\"1712\" data-end=\"1904\"><span style=\"color: #333399;\">NOVAE n\u2019est pas un mod\u00e8le plaqu\u00e9.<\/span><br data-start=\"1745\" data-end=\"1748\" \/><span style=\"color: #333399;\">C\u2019est une <strong data-start=\"1758\" data-end=\"1782\">d\u00e9marche progressive<\/strong>, qui articule compr\u00e9hension, prise de recul et mise en action, au rythme des personnes et des organisations accompagn\u00e9es.<\/span><\/p><h2 data-start=\"1911\" data-end=\"1924\"><span style=\"color: #333399;\"><b>Ma posture<\/b><\/span><\/h2><p data-start=\"1926\" data-end=\"1987\"><span style=\"color: #333399;\">Mon travail consiste \u00e0 aider les personnes et les \u00e9quipes \u00e0 :<\/span><\/p><ul data-start=\"1988\" data-end=\"2198\"><li data-start=\"1988\" data-end=\"2037\"><p data-start=\"1990\" data-end=\"2037\"><span style=\"color: #333399;\">mieux comprendre leurs modes de fonctionnement,<\/span><\/p><\/li><li data-start=\"2038\" data-end=\"2106\"><p data-start=\"2040\" data-end=\"2106\"><span style=\"color: #333399;\">mettre des mots clairs sur ce qui se joue dans leurs interactions,<\/span><\/p><\/li><li data-start=\"2107\" data-end=\"2152\"><p data-start=\"2109\" data-end=\"2152\"><span style=\"color: #333399;\">ajuster leur posture et leur communication,<\/span><\/p><\/li><li data-start=\"2153\" data-end=\"2198\"><p data-start=\"2155\" data-end=\"2198\"><span style=\"color: #333399;\">retrouver des marges de man\u0153uvre concr\u00e8tes.<\/span><\/p><\/li><\/ul><p data-start=\"2200\" data-end=\"2439\"><span style=\"color: #333399;\">Je ne propose ni recettes toutes faites, ni solutions standardis\u00e9es.<\/span><br data-start=\"2268\" data-end=\"2271\" \/><span style=\"color: #333399;\">Chaque accompagnement est construit <strong data-start=\"2307\" data-end=\"2321\">sur mesure<\/strong>, en s\u2019appuyant sur la m\u00e9thode NOVAE et des outils utilis\u00e9s avec discernement (DISC, PNL), jamais comme des finalit\u00e9s.<\/span><\/p><h2 data-start=\"2446\" data-end=\"2474\"><span style=\"color: #333399;\"><strong>Ce qui guide mon approche<\/strong><\/span><\/h2><ul data-start=\"2476\" data-end=\"2666\"><li data-start=\"2476\" data-end=\"2502\"><p data-start=\"2478\" data-end=\"2502\"><span style=\"color: #333399;\">Une exigence de clart\u00e9<\/span><\/p><\/li><li data-start=\"2503\" data-end=\"2549\"><p data-start=\"2505\" data-end=\"2549\"><span style=\"color: #333399;\">Une lecture fine des comportements humains<\/span><\/p><\/li><li data-start=\"2550\" data-end=\"2601\"><p data-start=\"2552\" data-end=\"2601\"><span style=\"color: #333399;\">Un ancrage fort dans la r\u00e9alit\u00e9 professionnelle<\/span><\/p><\/li><li data-start=\"2602\" data-end=\"2666\"><p data-start=\"2604\" data-end=\"2666\"><span style=\"color: #333399;\">Une m\u00e9thode structur\u00e9e au service de l\u2019humain, pas l\u2019inverse<\/span><\/p><\/li><\/ul><p data-start=\"2668\" data-end=\"2833\"><span style=\"color: #333399;\">L\u2019objectif n\u2019est pas de \u201ctransformer\u201d les personnes,\u00a0mais de leur permettre <strong data-start=\"2746\" data-end=\"2794\">d\u2019agir avec plus de justesse et de coh\u00e9rence<\/strong> dans leur environnement professionnel.<\/span><\/p><h2 data-start=\"2840\" data-end=\"2851\"><span style=\"color: #333399;\"><strong>\u00c9changer<\/strong><\/span><\/h2><p data-start=\"2853\" data-end=\"3032\"><span style=\"color: #333399;\">Si vous souhaitez faire le point sur votre situation ou celle de votre organisation,<\/span><br data-start=\"2937\" data-end=\"2940\" \/><span style=\"color: #333399;\">je vous propose de commencer par un \u00e9change pour v\u00e9rifier la pertinence d\u2019un accompagnement.<\/span><\/p><p data-start=\"3034\" data-end=\"3053\">\u00a0<\/p>\t\t\t\t\t\t\t\t<\/div>\n\t\t\t\t<\/div>\n\t\t\t\t\t<\/div>\n\t\t\t\t<\/div>\n\t\t<div class=\"elementor-element elementor-element-c395918 e-flex e-con-boxed e-con e-parent\" data-id=\"c395918\" data-element_type=\"container\" data-e-type=\"container\">\n\t\t\t\t\t<div class=\"e-con-inner\">\n\t\t\t\t<div class=\"elementor-element elementor-element-2184ef3 fluentform-widget-submit-button-custom elementor-widget elementor-widget-fluent-form-widget\" data-id=\"2184ef3\" data-element_type=\"widget\" data-e-type=\"widget\" data-widget_type=\"fluent-form-widget.default\">\n\t\t\t\t<div class=\"elementor-widget-container\">\n\t\t\t\t\t\n            <div class=\"fluentform-widget-wrapper hide-fluent-form-labels fluentform-widget-align-default\">\n\n                            <div class=\"fluentform-widget-heading\">\n                                        <h3 class=\"fluentform-widget-title\">\n                        Construisons ensemble votre projet                    <\/h3>\n                                                            <p class=\"fluentform-widget-description\">\n                        Parce que chaque r\u00e9ussite commence par un \u00e9change, contactez-moi pour discuter de vos besoins et trouver la solution qui vous correspond.                    <\/p>\n                                    <\/div>\n            \n            <div class='fluentform ff-default fluentform_wrapper_3 ffs_default_wrap'><form data-form_id=\"3\" id=\"fluentform_3\" class=\"frm-fluent-form fluent_form_3 ff-el-form-top ff_form_instance_3_1 ff-form-loading ffs_default\" data-form_instance=\"ff_form_instance_3_1\" method=\"POST\" ><fieldset  style=\"border: none!important;margin: 0!important;padding: 0!important;background-color: transparent!important;box-shadow: none!important;outline: none!important; min-inline-size: 100%;\">\n                    <legend class=\"ff_screen_reader_title\" style=\"display: block; margin: 0!important;padding: 0!important;height: 0!important;text-indent: -999999px;width: 0!important;overflow:hidden;\">Contact Form Demo (#3)<\/legend><p style=\"display: none !important;\" class=\"akismet-fields-container\" data-prefix=\"ak_\"><label>&#916;<textarea name=\"ak_hp_textarea\" cols=\"45\" rows=\"8\" maxlength=\"100\"><\/textarea><\/label><input type=\"hidden\" id=\"ak_js_1\" name=\"ak_js\" value=\"155\"\/><script>document.getElementById( \"ak_js_1\" ).setAttribute( \"value\", ( new Date() ).getTime() );<\/script><\/p><input type='hidden' name='__fluent_form_embded_post_id' value='113' \/><input type=\"hidden\" id=\"_fluentform_3_fluentformnonce\" name=\"_fluentform_3_fluentformnonce\" value=\"2ee078b386\" \/><input type=\"hidden\" name=\"_wp_http_referer\" value=\"\/index.php\/wp-json\/wp\/v2\/pages\/113\" \/><div data-type=\"name-element\" data-name=\"names\" class=\" ff-field_container ff-name-field-wrapper\" ><div class='ff-t-container'><div class='ff-t-cell '><div class='ff-el-group'><div class=\"ff-el-input--label asterisk-right\"><label for='ff_3_names_first_name_' id='label_ff_3_names_first_name_' >Pr\u00e9nom<\/label><\/div><div class='ff-el-input--content'><input type=\"text\" name=\"names[first_name]\" id=\"ff_3_names_first_name_\" class=\"ff-el-form-control\" placeholder=\"Pr\u00e9nom\" aria-invalid=\"false\" aria-required=false><\/div><\/div><\/div><div class='ff-t-cell '><div class='ff-el-group'><div class=\"ff-el-input--label asterisk-right\"><label for='ff_3_names_last_name_' id='label_ff_3_names_last_name_' >Nom<\/label><\/div><div class='ff-el-input--content'><input type=\"text\" name=\"names[last_name]\" id=\"ff_3_names_last_name_\" class=\"ff-el-form-control\" placeholder=\"Nom\" aria-invalid=\"false\" aria-required=false><\/div><\/div><\/div><\/div><\/div><div data-type=\"name-element\" data-name=\"names_1\" class=\" ff-field_container ff-name-field-wrapper\" ><div class='ff-t-container'><div class='ff-t-cell '><div class='ff-el-group  ff-el-form-top'><div class=\"ff-el-input--label asterisk-right\"><label for='ff_3_names_1_first_name_' id='label_ff_3_names_1_first_name_' >Entreprise<\/label><\/div><div class='ff-el-input--content'><input type=\"text\" name=\"names_1[first_name]\" id=\"ff_3_names_1_first_name_\" class=\"ff-el-form-control\" placeholder=\"Entreprise\" aria-invalid=\"false\" aria-required=false><\/div><\/div><\/div><div class='ff-t-cell '><div class='ff-el-group  ff-el-form-top'><div class=\"ff-el-input--label asterisk-right\"><label for='ff_3_names_1_last_name_' id='label_ff_3_names_1_last_name_' >Fonction<\/label><\/div><div class='ff-el-input--content'><input type=\"text\" name=\"names_1[last_name]\" id=\"ff_3_names_1_last_name_\" class=\"ff-el-form-control\" placeholder=\"Fonction\" aria-invalid=\"false\" aria-required=false><\/div><\/div><\/div><\/div><\/div><div class='ff-el-group'><div class=\"ff-el-input--label ff-el-is-required asterisk-right\"><label for='ff_3_email' id='label_ff_3_email' aria-label=\"Email\">Email<\/label><\/div><div class='ff-el-input--content'><input type=\"email\" name=\"email\" id=\"ff_3_email\" class=\"ff-el-form-control\" placeholder=\"Email Address\" data-name=\"email\"  aria-invalid=\"false\" aria-required=true><\/div><\/div><div class='ff-el-group'><div class=\"ff-el-input--label asterisk-right\"><label for='ff_3_subject' id='label_ff_3_subject' aria-label=\"Objet\">Objet<\/label><\/div><div class='ff-el-input--content'><input type=\"text\" name=\"subject\" class=\"ff-el-form-control\" placeholder=\"Objet\" data-name=\"subject\" id=\"ff_3_subject\"  aria-invalid=\"false\" aria-required=false><\/div><\/div><div class='ff-el-group'><div class=\"ff-el-input--label ff-el-is-required asterisk-right\"><label for='ff_3_message' id='label_ff_3_message' aria-label=\"Votre Message\">Votre Message<\/label><\/div><div class='ff-el-input--content'><textarea aria-required=\"true\" aria-labelledby=\"label_ff_3_message\" name=\"message\" id=\"ff_3_message\" class=\"ff-el-form-control\" placeholder=\"Votre Message\" rows=\"4\" cols=\"2\" data-name=\"message\" ><\/textarea><\/div><\/div><div class='ff-el-group ff-text-center ff_submit_btn_wrapper'><button type=\"submit\" class=\"ff-btn ff-btn-submit ff-btn-md ff_btn_style\"  aria-label=\"Envoyez\">Envoyez<\/button><\/div><\/fieldset><\/form><div id='fluentform_3_errors' class='ff-errors-in-stack ff_form_instance_3_1 ff-form-loading_errors ff_form_instance_3_1_errors'><\/div><\/div>            <script type=\"text\/javascript\">\n                window.fluent_form_ff_form_instance_3_1 = {\"id\":\"3\",\"settings\":{\"layout\":{\"labelPlacement\":\"top\",\"helpMessagePlacement\":\"with_label\",\"errorMessagePlacement\":\"inline\",\"cssClassName\":\"\",\"asteriskPlacement\":\"asterisk-right\"},\"restrictions\":{\"denyEmptySubmission\":{\"enabled\":false}}},\"form_instance\":\"ff_form_instance_3_1\",\"form_id_selector\":\"fluentform_3\",\"rules\":{\"names[first_name]\":{\"required\":{\"value\":false,\"message\":\"Ce champ est obligatoire\",\"global\":true,\"global_message\":\"Ce champ est obligatoire\"}},\"names[middle_name]\":{\"required\":{\"value\":false,\"message\":\"Ce champ est obligatoire\",\"global\":true,\"global_message\":\"Ce champ est obligatoire\"}},\"names[last_name]\":{\"required\":{\"value\":false,\"message\":\"Ce champ est obligatoire\",\"global\":true,\"global_message\":\"Ce champ est obligatoire\"}},\"names_1[first_name]\":{\"required\":{\"value\":false,\"message\":\"Ce champ est obligatoire\",\"global_message\":\"Ce champ est obligatoire\",\"global\":true}},\"names_1[middle_name]\":{\"required\":{\"value\":false,\"message\":\"Ce champ est obligatoire\",\"global_message\":\"Ce champ est obligatoire\",\"global\":true}},\"names_1[last_name]\":{\"required\":{\"value\":false,\"message\":\"Ce champ est obligatoire\",\"global_message\":\"Ce champ est obligatoire\",\"global\":true}},\"email\":{\"required\":{\"value\":true,\"message\":\"Ce champ est obligatoire\",\"global\":true,\"global_message\":\"Ce champ est obligatoire\"},\"email\":{\"value\":true,\"message\":\"Ce champ doit contenir un e-mail valide\",\"global\":true,\"global_message\":\"Ce champ doit contenir un e-mail valide\"}},\"subject\":{\"required\":{\"value\":false,\"message\":\"Ce champ est obligatoire\",\"global\":true,\"global_message\":\"Ce champ est obligatoire\"}},\"message\":{\"required\":{\"value\":true,\"message\":\"Ce champ est obligatoire\",\"global\":true,\"global_message\":\"Ce champ est obligatoire\"}}},\"debounce_time\":300};\n                            <\/script>\n                        <\/div>\n\n            \t\t\t\t<\/div>\n\t\t\t\t<\/div>\n\t\t\t\t\t<\/div>\n\t\t\t\t<\/div>\n\t\t\t\t<\/div>\n\t\t","protected":false},"excerpt":{"rendered":"<p>Rencontrez le fondateur de LUMISKILLS et d\u00e9couvrez sa passion pour l&rsquo;accompagnement et le d\u00e9veloppement des comp\u00e9tences.<\/p>\n","protected":false},"author":1,"featured_media":0,"parent":105,"menu_order":0,"comment_status":"closed","ping_status":"closed","template":"","meta":{"site-sidebar-layout":"default","site-content-layout":"","ast-site-content-layout":"default","site-content-style":"default","site-sidebar-style":"default","ast-global-header-display":"","ast-banner-title-visibility":"","ast-main-header-display":"","ast-hfb-above-header-display":"","ast-hfb-below-header-display":"","ast-hfb-mobile-header-display":"","site-post-title":"disabled","ast-breadcrumbs-content":"","ast-featured-img":"","footer-sml-layout":"","ast-disable-related-posts":"","theme-transparent-header-meta":"","adv-header-id-meta":"","stick-header-meta":"","header-above-stick-meta":"","header-main-stick-meta":"","header-below-stick-meta":"","astra-migrate-meta-layouts":"default","ast-page-background-enabled":"default","ast-page-background-meta":{"desktop":{"background-color":"var(--ast-global-color-5)","background-image":"","background-repeat":"repeat","background-position":"center center","background-size":"auto","background-attachment":"scroll","background-type":"","background-media":"","overlay-type":"","overlay-color":"","overlay-opacity":"","overlay-gradient":""},"tablet":{"background-color":"","background-image":"","background-repeat":"repeat","background-position":"center center","background-size":"auto","background-attachment":"scroll","background-type":"","background-media":"","overlay-type":"","overlay-color":"","overlay-opacity":"","overlay-gradient":""},"mobile":{"background-color":"","background-image":"","background-repeat":"repeat","background-position":"center center","background-size":"auto","background-attachment":"scroll","background-type":"","background-media":"","overlay-type":"","overlay-color":"","overlay-opacity":"","overlay-gradient":""}},"ast-content-background-meta":{"desktop":{"background-color":"var(--ast-global-color-4)","background-image":"","background-repeat":"repeat","background-position":"center center","background-size":"auto","background-attachment":"scroll","background-type":"","background-media":"","overlay-type":"","overlay-color":"","overlay-opacity":"","overlay-gradient":""},"tablet":{"background-color":"var(--ast-global-color-4)","background-image":"","background-repeat":"repeat","background-position":"center center","background-size":"auto","background-attachment":"scroll","background-type":"","background-media":"","overlay-type":"","overlay-color":"","overlay-opacity":"","overlay-gradient":""},"mobile":{"background-color":"var(--ast-global-color-4)","background-image":"","background-repeat":"repeat","background-position":"center center","background-size":"auto","background-attachment":"scroll","background-type":"","background-media":"","overlay-type":"","overlay-color":"","overlay-opacity":"","overlay-gradient":""}},"footnotes":""},"class_list":["post-113","page","type-page","status-publish","hentry"],"_links":{"self":[{"href":"https:\/\/lumiskills.com\/index.php\/wp-json\/wp\/v2\/pages\/113","targetHints":{"allow":["GET"]}}],"collection":[{"href":"https:\/\/lumiskills.com\/index.php\/wp-json\/wp\/v2\/pages"}],"about":[{"href":"https:\/\/lumiskills.com\/index.php\/wp-json\/wp\/v2\/types\/page"}],"author":[{"embeddable":true,"href":"https:\/\/lumiskills.com\/index.php\/wp-json\/wp\/v2\/users\/1"}],"replies":[{"embeddable":true,"href":"https:\/\/lumiskills.com\/index.php\/wp-json\/wp\/v2\/comments?post=113"}],"version-history":[{"count":62,"href":"https:\/\/lumiskills.com\/index.php\/wp-json\/wp\/v2\/pages\/113\/revisions"}],"predecessor-version":[{"id":1950,"href":"https:\/\/lumiskills.com\/index.php\/wp-json\/wp\/v2\/pages\/113\/revisions\/1950"}],"up":[{"embeddable":true,"href":"https:\/\/lumiskills.com\/index.php\/wp-json\/wp\/v2\/pages\/105"}],"wp:attachment":[{"href":"https:\/\/lumiskills.com\/index.php\/wp-json\/wp\/v2\/media?parent=113"}],"curies":[{"name":"wp","href":"https:\/\/api.w.org\/{rel}","templated":true}]}}